{"id":365,"date":"2017-09-07T13:40:14","date_gmt":"2017-09-07T13:40:14","guid":{"rendered":"http:\/\/www.anticoliver.net\/mobles-a-mida\/"},"modified":"2017-09-15T07:37:33","modified_gmt":"2017-09-15T07:37:33","slug":"muebles-a-medida","status":"publish","type":"page","link":"https:\/\/www.anticoliver.net\/es\/muebles-a-medida\/","title":{"rendered":"Muebles a medida"},"content":{"rendered":"\t\t<div data-elementor-type=\"wp-post\" data-elementor-id=\"365\" class=\"elementor elementor-365 elementor-25 elementor-bc-flex-widget\" data-elementor-post-type=\"page\">\n\t\t\t\t\t\t<section class=\"elementor-section elementor-top-section elementor-element elementor-element-pedgayd elementor-section-full_width moblemidasec1 elementor-section-stretched elementor-section-height-default elementor-section-height-default\" data-id=\"pedgayd\" data-element_type=\"section\" data-settings=\"{&quot;background_background&quot;:&quot;classic&quot;,&quot;stretch_section&quot;:&quot;section-stretched&quot;}\">\n\t\t\t\t\t\t\t<div class=\"elementor-background-overlay\"><\/div>\n\t\t\t\t\t\t\t<div class=\"elementor-container elementor-column-gap-default\">\n\t\t\t\t\t<div class=\"elementor-column elementor-col-100 elementor-top-column elementor-element elementor-element-vjqtmxk\" data-id=\"vjqtmxk\" data-element_type=\"column\">\n\t\t\t<div class=\"elementor-widget-wrap elementor-element-populated\">\n\t\t\t\t\t\t<div class=\"elementor-element elementor-element-o8ikmku titoltaller elementor-widget elementor-widget-heading\" data-id=\"o8ikmku\" data-element_type=\"widget\" data-widget_type=\"heading.default\">\n\t\t\t\t<div class=\"elementor-widget-container\">\n\t\t\t\t\t<h1 class=\"elementor-heading-title elementor-size-default\">- Muebles a medida -<\/h1>\t\t\t\t<\/div>\n\t\t\t\t<\/div>\n\t\t\t\t<div class=\"elementor-element elementor-element-k7k5j2u texttasqueshome elementor-widget elementor-widget-text-editor\" data-id=\"k7k5j2u\" data-element_type=\"widget\" data-widget_type=\"text-editor.default\">\n\t\t\t\t<div class=\"elementor-widget-container\">\n\t\t\t\t\t\t\t\t\tSi necesitas un mueble que se adapte a cualquier espacio de tu casa, te lo fabrica a medida. Trabajamos, de manera artesanal, con diferentes tipos de madera: roble, pino, \u00e1rbol blanco, casta\u00f1o, melis\u2026 y te damos la posibilidad de combinarlo con hierro.\t\t\t\t\t\t\t\t<\/div>\n\t\t\t\t<\/div>\n\t\t\t\t\t<\/div>\n\t\t<\/div>\n\t\t\t\t\t<\/div>\n\t\t<\/section>\n\t\t\t\t<section class=\"elementor-section elementor-top-section elementor-element elementor-element-j5zdiye fondoimatge elementor-section-boxed elementor-section-height-default elementor-section-height-default\" data-id=\"j5zdiye\" data-element_type=\"section\">\n\t\t\t\t\t\t<div class=\"elementor-container elementor-column-gap-default\">\n\t\t\t\t\t<div class=\"elementor-column elementor-col-100 elementor-top-column elementor-element elementor-element-9ym8v63\" data-id=\"9ym8v63\" data-element_type=\"column\">\n\t\t\t<div class=\"elementor-widget-wrap elementor-element-populated\">\n\t\t\t\t\t\t<div class=\"elementor-element elementor-element-1jkyi4f imatgepenjant elementor-widget elementor-widget-image\" data-id=\"1jkyi4f\" data-element_type=\"widget\" data-widget_type=\"image.default\">\n\t\t\t\t<div class=\"elementor-widget-container\">\n\t\t\t\t\t\t\t\t\t\t\t\t\t\t\t<img fetchpriority=\"high\" decoding=\"async\" width=\"1024\" height=\"512\" src=\"https:\/\/www.anticoliver.net\/wp-content\/uploads\/2017\/08\/amida-2-1024x512.jpg\" class=\"attachment-large size-large wp-image-239\" alt=\"\" srcset=\"https:\/\/www.anticoliver.net\/wp-content\/uploads\/2017\/08\/amida-2-1024x512.jpg 1024w, https:\/\/www.anticoliver.net\/wp-content\/uploads\/2017\/08\/amida-2-300x150.jpg 300w, https:\/\/www.anticoliver.net\/wp-content\/uploads\/2017\/08\/amida-2-768x384.jpg 768w, https:\/\/www.anticoliver.net\/wp-content\/uploads\/2017\/08\/amida-2.jpg 1100w\" sizes=\"(max-width: 1024px) 100vw, 1024px\" \/>\t\t\t\t\t\t\t\t\t\t\t\t\t\t\t<\/div>\n\t\t\t\t<\/div>\n\t\t\t\t\t<\/div>\n\t\t<\/div>\n\t\t\t\t\t<\/div>\n\t\t<\/section>\n\t\t\t\t<section class=\"elementor-section elementor-top-section elementor-element elementor-element-ssdqe80 trestext elementor-section-boxed elementor-section-height-default elementor-section-height-default\" data-id=\"ssdqe80\" data-element_type=\"section\" data-settings=\"{&quot;background_background&quot;:&quot;classic&quot;}\">\n\t\t\t\t\t\t<div class=\"elementor-container elementor-column-gap-default\">\n\t\t\t\t\t<div class=\"elementor-column elementor-col-100 elementor-top-column elementor-element elementor-element-00kizkt\" data-id=\"00kizkt\" data-element_type=\"column\">\n\t\t\t<div class=\"elementor-widget-wrap elementor-element-populated\">\n\t\t\t\t\t\t<section class=\"elementor-section elementor-inner-section elementor-element elementor-element-n1ftvpu elementor-section-boxed elementor-section-height-default elementor-section-height-default\" data-id=\"n1ftvpu\" data-element_type=\"section\" data-settings=\"{&quot;background_background&quot;:&quot;classic&quot;,&quot;shape_divider_bottom&quot;:&quot;tilt&quot;}\">\n\t\t\t\t\t<div class=\"elementor-shape elementor-shape-bottom\" data-negative=\"false\">\n\t\t\t<svg xmlns=\"http:\/\/www.w3.org\/2000\/svg\" viewBox=\"0 0 1000 100\" preserveAspectRatio=\"none\">\n\t<path class=\"elementor-shape-fill\" d=\"M0,6V0h1000v100L0,6z\"\/>\n<\/svg>\t\t<\/div>\n\t\t\t\t\t<div class=\"elementor-container elementor-column-gap-default\">\n\t\t\t\t\t<div class=\"elementor-column elementor-col-33 elementor-inner-column elementor-element elementor-element-b741562\" data-id=\"b741562\" data-element_type=\"column\">\n\t\t\t<div class=\"elementor-widget-wrap elementor-element-populated\">\n\t\t\t\t\t\t<div class=\"elementor-element elementor-element-xb0eb6r trestexttitol elementor-widget elementor-widget-text-editor\" data-id=\"xb0eb6r\" data-element_type=\"widget\" data-widget_type=\"text-editor.default\">\n\t\t\t\t<div class=\"elementor-widget-container\">\n\t\t\t\t\t\t\t\t\t\u00bfTienes una idea para un rinc\u00f3n de tu casa?\t\t\t\t\t\t\t\t<\/div>\n\t\t\t\t<\/div>\n\t\t\t\t<div class=\"elementor-element elementor-element-p1dv82w trestexttext elementor-widget elementor-widget-text-editor\" data-id=\"p1dv82w\" data-element_type=\"widget\" data-widget_type=\"text-editor.default\">\n\t\t\t\t<div class=\"elementor-widget-container\">\n\t\t\t\t\t\t\t\t\t<p>Expl\u00edcanos tu idea. Nos haces la propuesta y nosotros la llevamos a t\u00e9rmino. Buscaremos la mejor soluci\u00f3n para hacer de tu casa un lugar m\u00e1s c\u00e1lido y personalizado.<\/p>\t\t\t\t\t\t\t\t<\/div>\n\t\t\t\t<\/div>\n\t\t\t\t\t<\/div>\n\t\t<\/div>\n\t\t\t\t<div class=\"elementor-column elementor-col-33 elementor-inner-column elementor-element elementor-element-r5zjuld\" data-id=\"r5zjuld\" data-element_type=\"column\">\n\t\t\t<div class=\"elementor-widget-wrap elementor-element-populated\">\n\t\t\t\t\t\t<div class=\"elementor-element elementor-element-ikevdaz trestexttitol elementor-widget elementor-widget-text-editor\" data-id=\"ikevdaz\" data-element_type=\"widget\" data-widget_type=\"text-editor.default\">\n\t\t\t\t<div class=\"elementor-widget-container\">\n\t\t\t\t\t\t\t\t\t\u00a1Pide presupuesto sin compromiso!\t\t\t\t\t\t\t\t<\/div>\n\t\t\t\t<\/div>\n\t\t\t\t<div class=\"elementor-element elementor-element-6l17e5d trestexttext elementor-widget elementor-widget-text-editor\" data-id=\"6l17e5d\" data-element_type=\"widget\" data-widget_type=\"text-editor.default\">\n\t\t\t\t<div class=\"elementor-widget-container\">\n\t\t\t\t\t\t\t\t\t<p class=\"m_-3071052326149482388MsoListParagraphCxSpMiddle\"><span lang=\"CA\"> Nos comprometemos en hacerte un presupuesto sin ning\u00fan compromiso.\u00a0<u><\/u><u><\/u><\/span><span lang=\"CA\">Puedes enviar el proyecto por mail o WhatsAp, y hablamos.<\/span><\/p>\t\t\t\t\t\t\t\t<\/div>\n\t\t\t\t<\/div>\n\t\t\t\t\t<\/div>\n\t\t<\/div>\n\t\t\t\t<div class=\"elementor-column elementor-col-33 elementor-inner-column elementor-element elementor-element-prlbj7h\" data-id=\"prlbj7h\" data-element_type=\"column\">\n\t\t\t<div class=\"elementor-widget-wrap elementor-element-populated\">\n\t\t\t\t\t\t<div class=\"elementor-element elementor-element-ek377sx trestexttitol elementor-widget elementor-widget-text-editor\" data-id=\"ek377sx\" data-element_type=\"widget\" data-widget_type=\"text-editor.default\">\n\t\t\t\t<div class=\"elementor-widget-container\">\n\t\t\t\t\t\t\t\t\t\u00a1Te lo llevamos a tu casa cuando quieras!\t\t\t\t\t\t\t\t<\/div>\n\t\t\t\t<\/div>\n\t\t\t\t<div class=\"elementor-element elementor-element-nocpic2 trestexttext elementor-widget elementor-widget-text-editor\" data-id=\"nocpic2\" data-element_type=\"widget\" data-widget_type=\"text-editor.default\">\n\t\t\t\t<div class=\"elementor-widget-container\">\n\t\t\t\t\t\t\t\t\t<p class=\"m_-3071052326149482388MsoListParagraphCxSpMiddle\"><span lang=\"CA\">Tambi\u00e9n te ofrecemos el servicio de transporte a domicilio.<u><\/u><u><\/u><\/span><span lang=\"CA\"> Nos adaptamos a tus horarios, consulta las condiciones. \u00a1Nos ocupamos de todo!<\/span><\/p>\t\t\t\t\t\t\t\t<\/div>\n\t\t\t\t<\/div>\n\t\t\t\t\t<\/div>\n\t\t<\/div>\n\t\t\t\t\t<\/div>\n\t\t<\/section>\n\t\t\t\t\t<\/div>\n\t\t<\/div>\n\t\t\t\t\t<\/div>\n\t\t<\/section>\n\t\t\t\t<section class=\"elementor-section elementor-top-section elementor-element elementor-element-f1q30l7 trestext elementor-section-stretched elementor-section-full_width elementor-section-height-default elementor-section-height-default\" data-id=\"f1q30l7\" data-element_type=\"section\" data-settings=\"{&quot;shape_divider_bottom&quot;:&quot;tilt&quot;,&quot;stretch_section&quot;:&quot;section-stretched&quot;}\">\n\t\t\t\t\t<div class=\"elementor-shape elementor-shape-bottom\" data-negative=\"false\">\n\t\t\t<svg xmlns=\"http:\/\/www.w3.org\/2000\/svg\" viewBox=\"0 0 1000 100\" preserveAspectRatio=\"none\">\n\t<path class=\"elementor-shape-fill\" d=\"M0,6V0h1000v100L0,6z\"\/>\n<\/svg>\t\t<\/div>\n\t\t\t\t\t<div class=\"elementor-container elementor-column-gap-default\">\n\t\t\t\t\t<div class=\"elementor-column elementor-col-50 elementor-top-column elementor-element elementor-element-hwnxuvs\" data-id=\"hwnxuvs\" data-element_type=\"column\">\n\t\t\t<div class=\"elementor-widget-wrap elementor-element-populated\">\n\t\t\t\t\t\t<div class=\"elementor-element elementor-element-dz4bct6 elementor-widget elementor-widget-image\" data-id=\"dz4bct6\" data-element_type=\"widget\" data-widget_type=\"image.default\">\n\t\t\t\t<div class=\"elementor-widget-container\">\n\t\t\t\t\t\t\t\t\t\t\t\t\t\t\t<img decoding=\"async\" width=\"450\" height=\"450\" src=\"https:\/\/www.anticoliver.net\/wp-content\/uploads\/2017\/08\/amida-quadrat2.jpg\" class=\"attachment-large size-large wp-image-240\" alt=\"\" srcset=\"https:\/\/www.anticoliver.net\/wp-content\/uploads\/2017\/08\/amida-quadrat2.jpg 450w, https:\/\/www.anticoliver.net\/wp-content\/uploads\/2017\/08\/amida-quadrat2-150x150.jpg 150w, https:\/\/www.anticoliver.net\/wp-content\/uploads\/2017\/08\/amida-quadrat2-300x300.jpg 300w\" sizes=\"(max-width: 450px) 100vw, 450px\" \/>\t\t\t\t\t\t\t\t\t\t\t\t\t\t\t<\/div>\n\t\t\t\t<\/div>\n\t\t\t\t\t<\/div>\n\t\t<\/div>\n\t\t\t\t<div class=\"elementor-column elementor-col-50 elementor-top-column elementor-element elementor-element-c4zcp1t\" data-id=\"c4zcp1t\" data-element_type=\"column\">\n\t\t\t<div class=\"elementor-widget-wrap elementor-element-populated\">\n\t\t\t\t\t\t<div class=\"elementor-element elementor-element-zxcq4pk titolmoblesinfo elementor-widget elementor-widget-text-editor\" data-id=\"zxcq4pk\" data-element_type=\"widget\" data-widget_type=\"text-editor.default\">\n\t\t\t\t<div class=\"elementor-widget-container\">\n\t\t\t\t\t\t\t\t\tTe proponemos la fabricaci\u00f3n \r\nde un mueble \u00fanico y exclusivo.\t\t\t\t\t\t\t\t<\/div>\n\t\t\t\t<\/div>\n\t\t\t\t<div class=\"elementor-element elementor-element-6ecadwh textmoblesinfo elementor-widget elementor-widget-text-editor\" data-id=\"6ecadwh\" data-element_type=\"widget\" data-widget_type=\"text-editor.default\">\n\t\t\t\t<div class=\"elementor-widget-container\">\n\t\t\t\t\t\t\t\t\t<p>Si lo necesitas, nuestros profesionales te har\u00e1n el dise\u00f1o a medida. \u00a1Te esperamos!<\/p>\t\t\t\t\t\t\t\t<\/div>\n\t\t\t\t<\/div>\n\t\t\t\t<div class=\"elementor-element elementor-element-bkp0b22 elementor-widget elementor-widget-text-editor\" data-id=\"bkp0b22\" data-element_type=\"widget\" data-widget_type=\"text-editor.default\">\n\t\t\t\t<div class=\"elementor-widget-container\">\n\t\t\t\t\t\t\t\t\t<a class=\"botorepartidor negre\" href=\"https:\/\/www.anticoliver.net\/es\/contacte\/\">PEDIR INFORMACI\u00d3N<\/a>\t\t\t\t\t\t\t\t<\/div>\n\t\t\t\t<\/div>\n\t\t\t\t\t<\/div>\n\t\t<\/div>\n\t\t\t\t\t<\/div>\n\t\t<\/section>\n\t\t\t\t<section class=\"elementor-section elementor-top-section elementor-element elementor-element-fwimrwm elementor-section-stretched elementor-section-full_width trestext elementor-section-height-default elementor-section-height-default\" data-id=\"fwimrwm\" data-element_type=\"section\" data-settings=\"{&quot;stretch_section&quot;:&quot;section-stretched&quot;,&quot;background_background&quot;:&quot;classic&quot;}\">\n\t\t\t\t\t\t<div class=\"elementor-container elementor-column-gap-no\">\n\t\t\t\t\t<div class=\"elementor-column elementor-col-100 elementor-top-column elementor-element elementor-element-rxjppuh\" data-id=\"rxjppuh\" data-element_type=\"column\">\n\t\t\t<div class=\"elementor-widget-wrap elementor-element-populated\">\n\t\t\t\t\t\t<div class=\"elementor-element elementor-element-wgwrdna elementor-widget elementor-widget-text-editor\" data-id=\"wgwrdna\" data-element_type=\"widget\" data-widget_type=\"text-editor.default\">\n\t\t\t\t<div class=\"elementor-widget-container\">\n\t\t\t\t\t\t\t\t\t<img decoding=\"async\" class=\"aligncenter size-medium wp-image-49\" src=\"https:\/\/www.anticoliver.net\/wp-content\/uploads\/2017\/07\/oliver-blanc-logo-300x56.png\" alt=\"\" width=\"225\" height=\"56\" \/>\n<p class=\"direcciofooter\">PALAFRUGELL &#8211; Tel. +34 649 81 87 88<\/p>\n<p class=\"xarxesfooter\"><a href=\"https:\/\/www.facebook.com\/ANTIC-Oliver-125820741393280\/\">FACEBOOK<\/a><\/p>\n<p class=\"copyrightfooter\">Copyright \u00a9 2017 Antic Oliver \u2022 <span class=\"xarxesfooter\"><a href=\"https:\/\/www.anticoliver.net\/avis-legal\/\">Aviso legal<\/a><\/span> \u2022 Dise\u00f1o web El Corriol<\/p>\t\t\t\t\t\t\t\t<\/div>\n\t\t\t\t<\/div>\n\t\t\t\t\t<\/div>\n\t\t<\/div>\n\t\t\t\t\t<\/div>\n\t\t<\/section>\n\t\t\t\t<\/div>\n\t\t","protected":false},"excerpt":{"rendered":"<p>&#8211; Muebles a medida &#8211; Si necesitas un mueble que se adapte a cualquier espacio de tu casa, te lo fabrica a medida. Trabajamos, de manera artesanal, con diferentes tipos de madera: roble, pino, \u00e1rbol blanco, casta\u00f1o, melis\u2026 y te damos la posibilidad de combinarlo con hierro. \u00bfTienes una idea para un rinc\u00f3n de tu [&hellip;]<\/p>\n","protected":false},"author":1,"featured_media":0,"parent":0,"menu_order":0,"comment_status":"closed","ping_status":"closed","template":"page.php","meta":{"footnotes":""},"class_list":["post-365","page","type-page","status-publish","hentry"],"yoast_head":"<!-- This site is optimized with the Yoast SEO plugin v24.8.1 - https:\/\/yoast.com\/wordpress\/plugins\/seo\/ -->\n<title>Antic Oliver - Muebles a medida que se adaptan a su hogar<\/title>\n<meta name=\"description\" content=\"Trabajamos con diferentes tipos de madera: roble, pino, \u00e1rbol blanco, casta\u00f1o, melis ... Con la posibilidad de combinarlo con hierro por los mejores resultados.\" \/>\n<meta name=\"robots\" content=\"index, follow, max-snippet:-1, max-image-preview:large, max-video-preview:-1\" \/>\n<link rel=\"canonical\" href=\"https:\/\/www.anticoliver.net\/mobles-a-mida\/\" \/>\n<meta property=\"og:locale\" content=\"es_ES\" \/>\n<meta property=\"og:type\" content=\"article\" \/>\n<meta property=\"og:title\" content=\"Antic Oliver - Muebles a medida que se adaptan a su hogar\" \/>\n<meta property=\"og:description\" content=\"Trabajamos con diferentes tipos de madera: roble, pino, \u00e1rbol blanco, casta\u00f1o, melis ... Con la posibilidad de combinarlo con hierro por los mejores resultados.\" \/>\n<meta property=\"og:url\" content=\"https:\/\/www.anticoliver.net\/mobles-a-mida\/\" \/>\n<meta property=\"og:site_name\" content=\"Antic Oliver\" \/>\n<meta property=\"article:publisher\" content=\"https:\/\/www.facebook.com\/botigatalleranticoliver\/\" \/>\n<meta property=\"article:modified_time\" content=\"2017-09-15T07:37:33+00:00\" \/>\n<meta property=\"og:image\" content=\"http:\/\/www.anticoliver.net\/wp-content\/uploads\/2017\/08\/amida-2-1024x512.jpg\" \/>\n<meta name=\"twitter:card\" content=\"summary_large_image\" \/>\n<meta name=\"twitter:label1\" content=\"Tiempo de lectura\" \/>\n\t<meta name=\"twitter:data1\" content=\"1 minuto\" \/>\n<script type=\"application\/ld+json\" class=\"yoast-schema-graph\">{\"@context\":\"https:\/\/schema.org\",\"@graph\":[{\"@type\":\"WebPage\",\"@id\":\"https:\/\/www.anticoliver.net\/mobles-a-mida\/\",\"url\":\"https:\/\/www.anticoliver.net\/mobles-a-mida\/\",\"name\":\"Antic Oliver - Muebles a medida que se adaptan a su hogar\",\"isPartOf\":{\"@id\":\"https:\/\/www.anticoliver.net\/#website\"},\"primaryImageOfPage\":{\"@id\":\"https:\/\/www.anticoliver.net\/mobles-a-mida\/#primaryimage\"},\"image\":{\"@id\":\"https:\/\/www.anticoliver.net\/mobles-a-mida\/#primaryimage\"},\"thumbnailUrl\":\"http:\/\/www.anticoliver.net\/wp-content\/uploads\/2017\/08\/amida-2-1024x512.jpg\",\"datePublished\":\"2017-09-07T13:40:14+00:00\",\"dateModified\":\"2017-09-15T07:37:33+00:00\",\"description\":\"Trabajamos con diferentes tipos de madera: roble, pino, \u00e1rbol blanco, casta\u00f1o, melis ... Con la posibilidad de combinarlo con hierro por los mejores resultados.\",\"breadcrumb\":{\"@id\":\"https:\/\/www.anticoliver.net\/mobles-a-mida\/#breadcrumb\"},\"inLanguage\":\"es\",\"potentialAction\":[{\"@type\":\"ReadAction\",\"target\":[\"https:\/\/www.anticoliver.net\/mobles-a-mida\/\"]}]},{\"@type\":\"ImageObject\",\"inLanguage\":\"es\",\"@id\":\"https:\/\/www.anticoliver.net\/mobles-a-mida\/#primaryimage\",\"url\":\"http:\/\/www.anticoliver.net\/wp-content\/uploads\/2017\/08\/amida-2-1024x512.jpg\",\"contentUrl\":\"http:\/\/www.anticoliver.net\/wp-content\/uploads\/2017\/08\/amida-2-1024x512.jpg\"},{\"@type\":\"BreadcrumbList\",\"@id\":\"https:\/\/www.anticoliver.net\/mobles-a-mida\/#breadcrumb\",\"itemListElement\":[{\"@type\":\"ListItem\",\"position\":1,\"name\":\"Inici\",\"item\":\"https:\/\/www.anticoliver.net\/es\/\"},{\"@type\":\"ListItem\",\"position\":2,\"name\":\"Muebles a medida\"}]},{\"@type\":\"WebSite\",\"@id\":\"https:\/\/www.anticoliver.net\/#website\",\"url\":\"https:\/\/www.anticoliver.net\/\",\"name\":\"Antic Oliver\",\"description\":\"Antic Oliver\",\"publisher\":{\"@id\":\"https:\/\/www.anticoliver.net\/#organization\"},\"potentialAction\":[{\"@type\":\"SearchAction\",\"target\":{\"@type\":\"EntryPoint\",\"urlTemplate\":\"https:\/\/www.anticoliver.net\/?s={search_term_string}\"},\"query-input\":{\"@type\":\"PropertyValueSpecification\",\"valueRequired\":true,\"valueName\":\"search_term_string\"}}],\"inLanguage\":\"es\"},{\"@type\":\"Organization\",\"@id\":\"https:\/\/www.anticoliver.net\/#organization\",\"name\":\"Antic Oliver\",\"url\":\"https:\/\/www.anticoliver.net\/\",\"logo\":{\"@type\":\"ImageObject\",\"inLanguage\":\"es\",\"@id\":\"https:\/\/www.anticoliver.net\/#\/schema\/logo\/image\/\",\"url\":\"http:\/\/www.anticoliver.net\/wp-content\/uploads\/2017\/09\/perfil-face.jpg\",\"contentUrl\":\"http:\/\/www.anticoliver.net\/wp-content\/uploads\/2017\/09\/perfil-face.jpg\",\"width\":400,\"height\":400,\"caption\":\"Antic Oliver\"},\"image\":{\"@id\":\"https:\/\/www.anticoliver.net\/#\/schema\/logo\/image\/\"},\"sameAs\":[\"https:\/\/www.facebook.com\/botigatalleranticoliver\/\"]}]}<\/script>\n<!-- \/ Yoast SEO plugin. -->","yoast_head_json":{"title":"Antic Oliver - Muebles a medida que se adaptan a su hogar","description":"Trabajamos con diferentes tipos de madera: roble, pino, \u00e1rbol blanco, casta\u00f1o, melis ... Con la posibilidad de combinarlo con hierro por los mejores resultados.","robots":{"index":"index","follow":"follow","max-snippet":"max-snippet:-1","max-image-preview":"max-image-preview:large","max-video-preview":"max-video-preview:-1"},"canonical":"https:\/\/www.anticoliver.net\/mobles-a-mida\/","og_locale":"es_ES","og_type":"article","og_title":"Antic Oliver - Muebles a medida que se adaptan a su hogar","og_description":"Trabajamos con diferentes tipos de madera: roble, pino, \u00e1rbol blanco, casta\u00f1o, melis ... Con la posibilidad de combinarlo con hierro por los mejores resultados.","og_url":"https:\/\/www.anticoliver.net\/mobles-a-mida\/","og_site_name":"Antic Oliver","article_publisher":"https:\/\/www.facebook.com\/botigatalleranticoliver\/","article_modified_time":"2017-09-15T07:37:33+00:00","og_image":[{"url":"http:\/\/www.anticoliver.net\/wp-content\/uploads\/2017\/08\/amida-2-1024x512.jpg","type":"","width":"","height":""}],"twitter_card":"summary_large_image","twitter_misc":{"Tiempo de lectura":"1 minuto"},"schema":{"@context":"https:\/\/schema.org","@graph":[{"@type":"WebPage","@id":"https:\/\/www.anticoliver.net\/mobles-a-mida\/","url":"https:\/\/www.anticoliver.net\/mobles-a-mida\/","name":"Antic Oliver - Muebles a medida que se adaptan a su hogar","isPartOf":{"@id":"https:\/\/www.anticoliver.net\/#website"},"primaryImageOfPage":{"@id":"https:\/\/www.anticoliver.net\/mobles-a-mida\/#primaryimage"},"image":{"@id":"https:\/\/www.anticoliver.net\/mobles-a-mida\/#primaryimage"},"thumbnailUrl":"http:\/\/www.anticoliver.net\/wp-content\/uploads\/2017\/08\/amida-2-1024x512.jpg","datePublished":"2017-09-07T13:40:14+00:00","dateModified":"2017-09-15T07:37:33+00:00","description":"Trabajamos con diferentes tipos de madera: roble, pino, \u00e1rbol blanco, casta\u00f1o, melis ... Con la posibilidad de combinarlo con hierro por los mejores resultados.","breadcrumb":{"@id":"https:\/\/www.anticoliver.net\/mobles-a-mida\/#breadcrumb"},"inLanguage":"es","potentialAction":[{"@type":"ReadAction","target":["https:\/\/www.anticoliver.net\/mobles-a-mida\/"]}]},{"@type":"ImageObject","inLanguage":"es","@id":"https:\/\/www.anticoliver.net\/mobles-a-mida\/#primaryimage","url":"http:\/\/www.anticoliver.net\/wp-content\/uploads\/2017\/08\/amida-2-1024x512.jpg","contentUrl":"http:\/\/www.anticoliver.net\/wp-content\/uploads\/2017\/08\/amida-2-1024x512.jpg"},{"@type":"BreadcrumbList","@id":"https:\/\/www.anticoliver.net\/mobles-a-mida\/#breadcrumb","itemListElement":[{"@type":"ListItem","position":1,"name":"Inici","item":"https:\/\/www.anticoliver.net\/es\/"},{"@type":"ListItem","position":2,"name":"Muebles a medida"}]},{"@type":"WebSite","@id":"https:\/\/www.anticoliver.net\/#website","url":"https:\/\/www.anticoliver.net\/","name":"Antic Oliver","description":"Antic Oliver","publisher":{"@id":"https:\/\/www.anticoliver.net\/#organization"},"potentialAction":[{"@type":"SearchAction","target":{"@type":"EntryPoint","urlTemplate":"https:\/\/www.anticoliver.net\/?s={search_term_string}"},"query-input":{"@type":"PropertyValueSpecification","valueRequired":true,"valueName":"search_term_string"}}],"inLanguage":"es"},{"@type":"Organization","@id":"https:\/\/www.anticoliver.net\/#organization","name":"Antic Oliver","url":"https:\/\/www.anticoliver.net\/","logo":{"@type":"ImageObject","inLanguage":"es","@id":"https:\/\/www.anticoliver.net\/#\/schema\/logo\/image\/","url":"http:\/\/www.anticoliver.net\/wp-content\/uploads\/2017\/09\/perfil-face.jpg","contentUrl":"http:\/\/www.anticoliver.net\/wp-content\/uploads\/2017\/09\/perfil-face.jpg","width":400,"height":400,"caption":"Antic Oliver"},"image":{"@id":"https:\/\/www.anticoliver.net\/#\/schema\/logo\/image\/"},"sameAs":["https:\/\/www.facebook.com\/botigatalleranticoliver\/"]}]}},"_links":{"self":[{"href":"https:\/\/www.anticoliver.net\/es\/wp-json\/wp\/v2\/pages\/365","targetHints":{"allow":["GET"]}}],"collection":[{"href":"https:\/\/www.anticoliver.net\/es\/wp-json\/wp\/v2\/pages"}],"about":[{"href":"https:\/\/www.anticoliver.net\/es\/wp-json\/wp\/v2\/types\/page"}],"author":[{"embeddable":true,"href":"https:\/\/www.anticoliver.net\/es\/wp-json\/wp\/v2\/users\/1"}],"replies":[{"embeddable":true,"href":"https:\/\/www.anticoliver.net\/es\/wp-json\/wp\/v2\/comments?post=365"}],"version-history":[{"count":6,"href":"https:\/\/www.anticoliver.net\/es\/wp-json\/wp\/v2\/pages\/365\/revisions"}],"predecessor-version":[{"id":516,"href":"https:\/\/www.anticoliver.net\/es\/wp-json\/wp\/v2\/pages\/365\/revisions\/516"}],"wp:attachment":[{"href":"https:\/\/www.anticoliver.net\/es\/wp-json\/wp\/v2\/media?parent=365"}],"curies":[{"name":"wp","href":"https:\/\/api.w.org\/{rel}","templated":true}]}}