{"id":369,"date":"2017-09-07T13:44:10","date_gmt":"2017-09-07T13:44:10","guid":{"rendered":"http:\/\/www.anticoliver.net\/taller\/"},"modified":"2017-09-15T07:37:27","modified_gmt":"2017-09-15T07:37:27","slug":"taller","status":"publish","type":"page","link":"https:\/\/www.anticoliver.net\/es\/taller\/","title":{"rendered":"Taller"},"content":{"rendered":"\t\t<div data-elementor-type=\"wp-post\" data-elementor-id=\"369\" class=\"elementor elementor-369 elementor-23 elementor-bc-flex-widget\" data-elementor-post-type=\"page\">\n\t\t\t\t\t\t<section class=\"elementor-section elementor-top-section elementor-element elementor-element-rfi2hzj elementor-section-full_width elementor-section-stretched elementor-section-height-default elementor-section-height-default\" data-id=\"rfi2hzj\" data-element_type=\"section\" data-settings=\"{&quot;background_background&quot;:&quot;classic&quot;,&quot;shape_divider_bottom&quot;:&quot;tilt&quot;,&quot;stretch_section&quot;:&quot;section-stretched&quot;}\">\n\t\t\t\t\t\t\t<div class=\"elementor-background-overlay\"><\/div>\n\t\t\t\t\t\t<div class=\"elementor-shape elementor-shape-bottom\" data-negative=\"false\">\n\t\t\t<svg xmlns=\"http:\/\/www.w3.org\/2000\/svg\" viewBox=\"0 0 1000 100\" preserveAspectRatio=\"none\">\n\t<path class=\"elementor-shape-fill\" d=\"M0,6V0h1000v100L0,6z\"\/>\n<\/svg>\t\t<\/div>\n\t\t\t\t\t<div class=\"elementor-container elementor-column-gap-default\">\n\t\t\t\t\t<div class=\"elementor-column elementor-col-100 elementor-top-column elementor-element elementor-element-gbeed3t\" data-id=\"gbeed3t\" data-element_type=\"column\">\n\t\t\t<div class=\"elementor-widget-wrap elementor-element-populated\">\n\t\t\t\t\t\t<div class=\"elementor-element elementor-element-xijydx2 titoltaller elementor-widget elementor-widget-heading\" data-id=\"xijydx2\" data-element_type=\"widget\" data-widget_type=\"heading.default\">\n\t\t\t\t<div class=\"elementor-widget-container\">\n\t\t\t\t\t<h1 class=\"elementor-heading-title elementor-size-default\">- Taller de hierro y madera -<\/h1>\t\t\t\t<\/div>\n\t\t\t\t<\/div>\n\t\t\t\t<div class=\"elementor-element elementor-element-ekt13vd texttasqueshome elementor-widget elementor-widget-text-editor\" data-id=\"ekt13vd\" data-element_type=\"widget\" data-widget_type=\"text-editor.default\">\n\t\t\t\t<div class=\"elementor-widget-container\">\n\t\t\t\t\t\t\t\t\tLos materiales b\u00e1sicos de Antic Oliver son el hierro y la madera. A partir de ah\u00ed, creamos muebles nuevos y mejoramos los antiguos, hacemos piezas creativas \u00fanicas. \u00a1Nuestros profesionales artesanos trabajan para ti!\t\t\t\t\t\t\t\t<\/div>\n\t\t\t\t<\/div>\n\t\t\t\t\t<\/div>\n\t\t<\/div>\n\t\t\t\t\t<\/div>\n\t\t<\/section>\n\t\t\t\t<section class=\"elementor-section elementor-top-section elementor-element elementor-element-6285c25 elementor-section-full_width tallernopad elementor-section-stretched elementor-section-height-default elementor-section-height-default\" data-id=\"6285c25\" data-element_type=\"section\" data-settings=\"{&quot;background_background&quot;:&quot;classic&quot;,&quot;stretch_section&quot;:&quot;section-stretched&quot;}\">\n\t\t\t\t\t\t<div class=\"elementor-container elementor-column-gap-default\">\n\t\t\t\t\t<div class=\"elementor-column elementor-col-100 elementor-top-column elementor-element elementor-element-prr789k\" data-id=\"prr789k\" data-element_type=\"column\">\n\t\t\t<div class=\"elementor-widget-wrap elementor-element-populated\">\n\t\t\t\t\t\t<section class=\"elementor-section elementor-inner-section elementor-element elementor-element-nbwtj2e elementor-section-full_width elementor-section-height-default elementor-section-height-default\" data-id=\"nbwtj2e\" data-element_type=\"section\">\n\t\t\t\t\t\t<div class=\"elementor-container elementor-column-gap-default\">\n\t\t\t\t\t<div class=\"elementor-column elementor-col-50 elementor-inner-column elementor-element elementor-element-ntva7a1\" data-id=\"ntva7a1\" data-element_type=\"column\">\n\t\t\t<div class=\"elementor-widget-wrap elementor-element-populated\">\n\t\t\t\t\t\t<div class=\"elementor-element elementor-element-udkbu4z elementor-widget elementor-widget-text-editor\" data-id=\"udkbu4z\" data-element_type=\"widget\" data-widget_type=\"text-editor.default\">\n\t\t\t\t<div class=\"elementor-widget-container\">\n\t\t\t\t\t\t\t\t\t<p class=\"titoltaller\">Artesanos de la madera<\/p>\r\n&nbsp;\r\n<p class=\"copyrightfooter midataller\">Reutilizamos y utilizamos todo tipo de madera para transformar el mueble que deseas, lo adaptamos a tus necesidades. \r\nTr\u00e1enos el dise\u00f1o, nosotros te asesoraremos y haremos el presupuesto.\r\nTrabajamos con madera para interior y exterior, fabricamos mesas, bancos, puertas, ventanas, estanter\u00edas, taburetes, armarios, muebles de cocina\u2026 <\/p>\t\t\t\t\t\t\t\t<\/div>\n\t\t\t\t<\/div>\n\t\t\t\t\t<\/div>\n\t\t<\/div>\n\t\t\t\t<div class=\"elementor-column elementor-col-50 elementor-inner-column elementor-element elementor-element-a6z64eb\" data-id=\"a6z64eb\" data-element_type=\"column\">\n\t\t\t<div class=\"elementor-widget-wrap elementor-element-populated\">\n\t\t\t\t\t\t<div class=\"elementor-element elementor-element-u31q9g4 elementor-widget elementor-widget-image\" data-id=\"u31q9g4\" data-element_type=\"widget\" data-widget_type=\"image.default\">\n\t\t\t\t<div class=\"elementor-widget-container\">\n\t\t\t\t\t\t\t\t\t\t\t\t\t\t\t<img fetchpriority=\"high\" decoding=\"async\" width=\"760\" height=\"400\" src=\"https:\/\/www.anticoliver.net\/wp-content\/uploads\/2017\/08\/galeria-fusta1.jpg\" class=\"attachment-large size-large wp-image-244\" alt=\"\" srcset=\"https:\/\/www.anticoliver.net\/wp-content\/uploads\/2017\/08\/galeria-fusta1.jpg 760w, https:\/\/www.anticoliver.net\/wp-content\/uploads\/2017\/08\/galeria-fusta1-300x158.jpg 300w\" sizes=\"(max-width: 760px) 100vw, 760px\" \/>\t\t\t\t\t\t\t\t\t\t\t\t\t\t\t<\/div>\n\t\t\t\t<\/div>\n\t\t\t\t\t<\/div>\n\t\t<\/div>\n\t\t\t\t\t<\/div>\n\t\t<\/section>\n\t\t\t\t\t<\/div>\n\t\t<\/div>\n\t\t\t\t\t<\/div>\n\t\t<\/section>\n\t\t\t\t<section class=\"elementor-section elementor-top-section elementor-element elementor-element-58dgayj elementor-section-full_width tallernopad elementor-section-stretched elementor-section-height-default elementor-section-height-default\" data-id=\"58dgayj\" data-element_type=\"section\" data-settings=\"{&quot;background_background&quot;:&quot;classic&quot;,&quot;shape_divider_bottom&quot;:&quot;tilt&quot;,&quot;stretch_section&quot;:&quot;section-stretched&quot;}\">\n\t\t\t\t\t<div class=\"elementor-shape elementor-shape-bottom\" data-negative=\"false\">\n\t\t\t<svg xmlns=\"http:\/\/www.w3.org\/2000\/svg\" viewBox=\"0 0 1000 100\" preserveAspectRatio=\"none\">\n\t<path class=\"elementor-shape-fill\" d=\"M0,6V0h1000v100L0,6z\"\/>\n<\/svg>\t\t<\/div>\n\t\t\t\t\t<div class=\"elementor-container elementor-column-gap-default\">\n\t\t\t\t\t<div class=\"elementor-column elementor-col-100 elementor-top-column elementor-element elementor-element-qrwu23p\" data-id=\"qrwu23p\" data-element_type=\"column\">\n\t\t\t<div class=\"elementor-widget-wrap elementor-element-populated\">\n\t\t\t\t\t\t<section class=\"elementor-section elementor-inner-section elementor-element elementor-element-11s8rgp elementor-section-full_width elementor-section-height-default elementor-section-height-default\" data-id=\"11s8rgp\" data-element_type=\"section\">\n\t\t\t\t\t\t<div class=\"elementor-container elementor-column-gap-default\">\n\t\t\t\t\t<div class=\"elementor-column elementor-col-50 elementor-inner-column elementor-element elementor-element-07u3pih\" data-id=\"07u3pih\" data-element_type=\"column\">\n\t\t\t<div class=\"elementor-widget-wrap elementor-element-populated\">\n\t\t\t\t\t\t<div class=\"elementor-element elementor-element-t5lnmcz elementor-widget elementor-widget-image\" data-id=\"t5lnmcz\" data-element_type=\"widget\" data-widget_type=\"image.default\">\n\t\t\t\t<div class=\"elementor-widget-container\">\n\t\t\t\t\t\t\t\t\t\t\t\t\t\t\t<img decoding=\"async\" width=\"760\" height=\"400\" src=\"https:\/\/www.anticoliver.net\/wp-content\/uploads\/2017\/08\/galeria-ferro3.jpg\" class=\"attachment-large size-large wp-image-245\" alt=\"\" srcset=\"https:\/\/www.anticoliver.net\/wp-content\/uploads\/2017\/08\/galeria-ferro3.jpg 760w, https:\/\/www.anticoliver.net\/wp-content\/uploads\/2017\/08\/galeria-ferro3-300x158.jpg 300w\" sizes=\"(max-width: 760px) 100vw, 760px\" \/>\t\t\t\t\t\t\t\t\t\t\t\t\t\t\t<\/div>\n\t\t\t\t<\/div>\n\t\t\t\t\t<\/div>\n\t\t<\/div>\n\t\t\t\t<div class=\"elementor-column elementor-col-50 elementor-inner-column elementor-element elementor-element-wwvyzbi\" data-id=\"wwvyzbi\" data-element_type=\"column\">\n\t\t\t<div class=\"elementor-widget-wrap elementor-element-populated\">\n\t\t\t\t\t\t<div class=\"elementor-element elementor-element-wpf7hio elementor-widget elementor-widget-text-editor\" data-id=\"wpf7hio\" data-element_type=\"widget\" data-widget_type=\"text-editor.default\">\n\t\t\t\t<div class=\"elementor-widget-container\">\n\t\t\t\t\t\t\t\t\t<p class=\"titoltaller\">Taller de cerrajer\u00eda<\/p>\r\n&nbsp;\r\n<p class=\"copyrightfooter midataller\">Con hierro reutilizado transformamos y realizamos: jardineras, l\u00e1mparas, glorietas o p\u00e9rgolas, sof\u00e1s para exterior y diferentes muebles decorativos para el jard\u00edn o para cualquier negocio.\r\nTenemos un gran stock de rejas y barandillas de hierro que las adaptamos a las medidas que necesites.\r\n<\/p>\t\t\t\t\t\t\t\t<\/div>\n\t\t\t\t<\/div>\n\t\t\t\t\t<\/div>\n\t\t<\/div>\n\t\t\t\t\t<\/div>\n\t\t<\/section>\n\t\t\t\t\t<\/div>\n\t\t<\/div>\n\t\t\t\t\t<\/div>\n\t\t<\/section>\n\t\t\t\t<section class=\"elementor-section elementor-top-section elementor-element elementor-element-upydggl elementor-section-full_width elementor-section-stretched elementor-section-height-default elementor-section-height-default\" data-id=\"upydggl\" data-element_type=\"section\" data-settings=\"{&quot;background_background&quot;:&quot;classic&quot;,&quot;stretch_section&quot;:&quot;section-stretched&quot;}\">\n\t\t\t\t\t\t<div class=\"elementor-container elementor-column-gap-no\">\n\t\t\t\t\t<div class=\"elementor-column elementor-col-100 elementor-top-column elementor-element elementor-element-qcfyarq\" data-id=\"qcfyarq\" data-element_type=\"column\">\n\t\t\t<div class=\"elementor-widget-wrap elementor-element-populated\">\n\t\t\t\t\t\t<div class=\"elementor-element elementor-element-dghakhx elementor-widget elementor-widget-text-editor\" data-id=\"dghakhx\" data-element_type=\"widget\" data-widget_type=\"text-editor.default\">\n\t\t\t\t<div class=\"elementor-widget-container\">\n\t\t\t\t\t\t\t\t\t<img decoding=\"async\" class=\"aligncenter size-medium wp-image-49\" src=\"https:\/\/www.anticoliver.net\/wp-content\/uploads\/2017\/07\/oliver-blanc-logo-300x56.png\" alt=\"\" width=\"225\" height=\"56\" \/>\n<p class=\"direcciofooter\">PALAFRUGELL &#8211; Tel. +34 649 81 87 88<\/p>\n<p class=\"xarxesfooter\"><a href=\"https:\/\/www.facebook.com\/ANTIC-Oliver-125820741393280\/\">FACEBOOK<\/a><\/p>\n<p class=\"copyrightfooter\">Copyright \u00a9 2017 Antic Oliver \u2022 <span class=\"xarxesfooter\"><a href=\"https:\/\/www.anticoliver.net\/avis-legal\/\">Aviso legal<\/a><\/span> \u2022 Dise\u00f1o web El Corriol<\/p>\t\t\t\t\t\t\t\t<\/div>\n\t\t\t\t<\/div>\n\t\t\t\t\t<\/div>\n\t\t<\/div>\n\t\t\t\t\t<\/div>\n\t\t<\/section>\n\t\t\t\t<\/div>\n\t\t","protected":false},"excerpt":{"rendered":"<p>&#8211; Taller de hierro y madera &#8211; Los materiales b\u00e1sicos de Antic Oliver son el hierro y la madera. A partir de ah\u00ed, creamos muebles nuevos y mejoramos los antiguos, hacemos piezas creativas \u00fanicas. \u00a1Nuestros profesionales artesanos trabajan para ti! Artesanos de la madera &nbsp; Reutilizamos y utilizamos todo tipo de madera para transformar el [&hellip;]<\/p>\n","protected":false},"author":1,"featured_media":0,"parent":0,"menu_order":0,"comment_status":"closed","ping_status":"closed","template":"page.php","meta":{"footnotes":""},"class_list":["post-369","page","type-page","status-publish","hentry"],"yoast_head":"<!-- This site is optimized with the Yoast SEO plugin v24.8.1 - https:\/\/yoast.com\/wordpress\/plugins\/seo\/ -->\n<title>Antic Oliver Palafrugell - Taller de hierro y madera para dise\u00f1ar muebles \u00fanicos<\/title>\n<meta name=\"description\" content=\"Los materiales b\u00e1sicos de Antic Oliver son el hierro y la madera. Creamos muebles nuevos y mejoramos los antiguos. \u00a1Nuestros profesionales trabajan para ti!\" \/>\n<meta name=\"robots\" content=\"index, follow, max-snippet:-1, max-image-preview:large, max-video-preview:-1\" \/>\n<link rel=\"canonical\" href=\"https:\/\/www.anticoliver.net\/taller\/\" \/>\n<meta property=\"og:locale\" content=\"es_ES\" \/>\n<meta property=\"og:type\" content=\"article\" \/>\n<meta property=\"og:title\" content=\"Antic Oliver Palafrugell - Taller de hierro y madera para dise\u00f1ar muebles \u00fanicos\" \/>\n<meta property=\"og:description\" content=\"Los materiales b\u00e1sicos de Antic Oliver son el hierro y la madera. Creamos muebles nuevos y mejoramos los antiguos. \u00a1Nuestros profesionales trabajan para ti!\" \/>\n<meta property=\"og:url\" content=\"https:\/\/www.anticoliver.net\/taller\/\" \/>\n<meta property=\"og:site_name\" content=\"Antic Oliver\" \/>\n<meta property=\"article:publisher\" content=\"https:\/\/www.facebook.com\/botigatalleranticoliver\/\" \/>\n<meta property=\"article:modified_time\" content=\"2017-09-15T07:37:27+00:00\" \/>\n<meta property=\"og:image\" content=\"http:\/\/www.anticoliver.net\/wp-content\/uploads\/2017\/08\/galeria-fusta1.jpg\" \/>\n<meta name=\"twitter:card\" content=\"summary_large_image\" \/>\n<meta name=\"twitter:label1\" content=\"Tiempo de lectura\" \/>\n\t<meta name=\"twitter:data1\" content=\"1 minuto\" \/>\n<script type=\"application\/ld+json\" class=\"yoast-schema-graph\">{\"@context\":\"https:\/\/schema.org\",\"@graph\":[{\"@type\":\"WebPage\",\"@id\":\"https:\/\/www.anticoliver.net\/taller\/\",\"url\":\"https:\/\/www.anticoliver.net\/taller\/\",\"name\":\"Antic Oliver Palafrugell - Taller de hierro y madera para dise\u00f1ar muebles \u00fanicos\",\"isPartOf\":{\"@id\":\"https:\/\/www.anticoliver.net\/#website\"},\"primaryImageOfPage\":{\"@id\":\"https:\/\/www.anticoliver.net\/taller\/#primaryimage\"},\"image\":{\"@id\":\"https:\/\/www.anticoliver.net\/taller\/#primaryimage\"},\"thumbnailUrl\":\"http:\/\/www.anticoliver.net\/wp-content\/uploads\/2017\/08\/galeria-fusta1.jpg\",\"datePublished\":\"2017-09-07T13:44:10+00:00\",\"dateModified\":\"2017-09-15T07:37:27+00:00\",\"description\":\"Los materiales b\u00e1sicos de Antic Oliver son el hierro y la madera. Creamos muebles nuevos y mejoramos los antiguos. \u00a1Nuestros profesionales trabajan para ti!\",\"breadcrumb\":{\"@id\":\"https:\/\/www.anticoliver.net\/taller\/#breadcrumb\"},\"inLanguage\":\"es\",\"potentialAction\":[{\"@type\":\"ReadAction\",\"target\":[\"https:\/\/www.anticoliver.net\/taller\/\"]}]},{\"@type\":\"ImageObject\",\"inLanguage\":\"es\",\"@id\":\"https:\/\/www.anticoliver.net\/taller\/#primaryimage\",\"url\":\"http:\/\/www.anticoliver.net\/wp-content\/uploads\/2017\/08\/galeria-fusta1.jpg\",\"contentUrl\":\"http:\/\/www.anticoliver.net\/wp-content\/uploads\/2017\/08\/galeria-fusta1.jpg\"},{\"@type\":\"BreadcrumbList\",\"@id\":\"https:\/\/www.anticoliver.net\/taller\/#breadcrumb\",\"itemListElement\":[{\"@type\":\"ListItem\",\"position\":1,\"name\":\"Inici\",\"item\":\"https:\/\/www.anticoliver.net\/es\/\"},{\"@type\":\"ListItem\",\"position\":2,\"name\":\"Taller\"}]},{\"@type\":\"WebSite\",\"@id\":\"https:\/\/www.anticoliver.net\/#website\",\"url\":\"https:\/\/www.anticoliver.net\/\",\"name\":\"Antic Oliver\",\"description\":\"Antic Oliver\",\"publisher\":{\"@id\":\"https:\/\/www.anticoliver.net\/#organization\"},\"potentialAction\":[{\"@type\":\"SearchAction\",\"target\":{\"@type\":\"EntryPoint\",\"urlTemplate\":\"https:\/\/www.anticoliver.net\/?s={search_term_string}\"},\"query-input\":{\"@type\":\"PropertyValueSpecification\",\"valueRequired\":true,\"valueName\":\"search_term_string\"}}],\"inLanguage\":\"es\"},{\"@type\":\"Organization\",\"@id\":\"https:\/\/www.anticoliver.net\/#organization\",\"name\":\"Antic Oliver\",\"url\":\"https:\/\/www.anticoliver.net\/\",\"logo\":{\"@type\":\"ImageObject\",\"inLanguage\":\"es\",\"@id\":\"https:\/\/www.anticoliver.net\/#\/schema\/logo\/image\/\",\"url\":\"http:\/\/www.anticoliver.net\/wp-content\/uploads\/2017\/09\/perfil-face.jpg\",\"contentUrl\":\"http:\/\/www.anticoliver.net\/wp-content\/uploads\/2017\/09\/perfil-face.jpg\",\"width\":400,\"height\":400,\"caption\":\"Antic Oliver\"},\"image\":{\"@id\":\"https:\/\/www.anticoliver.net\/#\/schema\/logo\/image\/\"},\"sameAs\":[\"https:\/\/www.facebook.com\/botigatalleranticoliver\/\"]}]}<\/script>\n<!-- \/ Yoast SEO plugin. -->","yoast_head_json":{"title":"Antic Oliver Palafrugell - Taller de hierro y madera para dise\u00f1ar muebles \u00fanicos","description":"Los materiales b\u00e1sicos de Antic Oliver son el hierro y la madera. Creamos muebles nuevos y mejoramos los antiguos. \u00a1Nuestros profesionales trabajan para ti!","robots":{"index":"index","follow":"follow","max-snippet":"max-snippet:-1","max-image-preview":"max-image-preview:large","max-video-preview":"max-video-preview:-1"},"canonical":"https:\/\/www.anticoliver.net\/taller\/","og_locale":"es_ES","og_type":"article","og_title":"Antic Oliver Palafrugell - Taller de hierro y madera para dise\u00f1ar muebles \u00fanicos","og_description":"Los materiales b\u00e1sicos de Antic Oliver son el hierro y la madera. Creamos muebles nuevos y mejoramos los antiguos. \u00a1Nuestros profesionales trabajan para ti!","og_url":"https:\/\/www.anticoliver.net\/taller\/","og_site_name":"Antic Oliver","article_publisher":"https:\/\/www.facebook.com\/botigatalleranticoliver\/","article_modified_time":"2017-09-15T07:37:27+00:00","og_image":[{"url":"http:\/\/www.anticoliver.net\/wp-content\/uploads\/2017\/08\/galeria-fusta1.jpg","type":"","width":"","height":""}],"twitter_card":"summary_large_image","twitter_misc":{"Tiempo de lectura":"1 minuto"},"schema":{"@context":"https:\/\/schema.org","@graph":[{"@type":"WebPage","@id":"https:\/\/www.anticoliver.net\/taller\/","url":"https:\/\/www.anticoliver.net\/taller\/","name":"Antic Oliver Palafrugell - Taller de hierro y madera para dise\u00f1ar muebles \u00fanicos","isPartOf":{"@id":"https:\/\/www.anticoliver.net\/#website"},"primaryImageOfPage":{"@id":"https:\/\/www.anticoliver.net\/taller\/#primaryimage"},"image":{"@id":"https:\/\/www.anticoliver.net\/taller\/#primaryimage"},"thumbnailUrl":"http:\/\/www.anticoliver.net\/wp-content\/uploads\/2017\/08\/galeria-fusta1.jpg","datePublished":"2017-09-07T13:44:10+00:00","dateModified":"2017-09-15T07:37:27+00:00","description":"Los materiales b\u00e1sicos de Antic Oliver son el hierro y la madera. Creamos muebles nuevos y mejoramos los antiguos. \u00a1Nuestros profesionales trabajan para ti!","breadcrumb":{"@id":"https:\/\/www.anticoliver.net\/taller\/#breadcrumb"},"inLanguage":"es","potentialAction":[{"@type":"ReadAction","target":["https:\/\/www.anticoliver.net\/taller\/"]}]},{"@type":"ImageObject","inLanguage":"es","@id":"https:\/\/www.anticoliver.net\/taller\/#primaryimage","url":"http:\/\/www.anticoliver.net\/wp-content\/uploads\/2017\/08\/galeria-fusta1.jpg","contentUrl":"http:\/\/www.anticoliver.net\/wp-content\/uploads\/2017\/08\/galeria-fusta1.jpg"},{"@type":"BreadcrumbList","@id":"https:\/\/www.anticoliver.net\/taller\/#breadcrumb","itemListElement":[{"@type":"ListItem","position":1,"name":"Inici","item":"https:\/\/www.anticoliver.net\/es\/"},{"@type":"ListItem","position":2,"name":"Taller"}]},{"@type":"WebSite","@id":"https:\/\/www.anticoliver.net\/#website","url":"https:\/\/www.anticoliver.net\/","name":"Antic Oliver","description":"Antic Oliver","publisher":{"@id":"https:\/\/www.anticoliver.net\/#organization"},"potentialAction":[{"@type":"SearchAction","target":{"@type":"EntryPoint","urlTemplate":"https:\/\/www.anticoliver.net\/?s={search_term_string}"},"query-input":{"@type":"PropertyValueSpecification","valueRequired":true,"valueName":"search_term_string"}}],"inLanguage":"es"},{"@type":"Organization","@id":"https:\/\/www.anticoliver.net\/#organization","name":"Antic Oliver","url":"https:\/\/www.anticoliver.net\/","logo":{"@type":"ImageObject","inLanguage":"es","@id":"https:\/\/www.anticoliver.net\/#\/schema\/logo\/image\/","url":"http:\/\/www.anticoliver.net\/wp-content\/uploads\/2017\/09\/perfil-face.jpg","contentUrl":"http:\/\/www.anticoliver.net\/wp-content\/uploads\/2017\/09\/perfil-face.jpg","width":400,"height":400,"caption":"Antic Oliver"},"image":{"@id":"https:\/\/www.anticoliver.net\/#\/schema\/logo\/image\/"},"sameAs":["https:\/\/www.facebook.com\/botigatalleranticoliver\/"]}]}},"_links":{"self":[{"href":"https:\/\/www.anticoliver.net\/es\/wp-json\/wp\/v2\/pages\/369","targetHints":{"allow":["GET"]}}],"collection":[{"href":"https:\/\/www.anticoliver.net\/es\/wp-json\/wp\/v2\/pages"}],"about":[{"href":"https:\/\/www.anticoliver.net\/es\/wp-json\/wp\/v2\/types\/page"}],"author":[{"embeddable":true,"href":"https:\/\/www.anticoliver.net\/es\/wp-json\/wp\/v2\/users\/1"}],"replies":[{"embeddable":true,"href":"https:\/\/www.anticoliver.net\/es\/wp-json\/wp\/v2\/comments?post=369"}],"version-history":[{"count":5,"href":"https:\/\/www.anticoliver.net\/es\/wp-json\/wp\/v2\/pages\/369\/revisions"}],"predecessor-version":[{"id":515,"href":"https:\/\/www.anticoliver.net\/es\/wp-json\/wp\/v2\/pages\/369\/revisions\/515"}],"wp:attachment":[{"href":"https:\/\/www.anticoliver.net\/es\/wp-json\/wp\/v2\/media?parent=369"}],"curies":[{"name":"wp","href":"https:\/\/api.w.org\/{rel}","templated":true}]}}