{"id":380,"date":"2017-09-07T13:58:20","date_gmt":"2017-09-07T13:58:20","guid":{"rendered":"http:\/\/www.anticoliver.net\/nosaltres\/"},"modified":"2017-09-15T07:37:46","modified_gmt":"2017-09-15T07:37:46","slug":"nosotros","status":"publish","type":"page","link":"https:\/\/www.anticoliver.net\/es\/nosotros\/","title":{"rendered":"Nostros"},"content":{"rendered":"\t\t<div data-elementor-type=\"wp-post\" data-elementor-id=\"380\" class=\"elementor elementor-380 elementor-29 elementor-bc-flex-widget\" data-elementor-post-type=\"page\">\n\t\t\t\t\t\t<section class=\"elementor-section elementor-top-section elementor-element elementor-element-nsaowwe elementor-section-full_width elementor-section-stretched elementor-section-height-default elementor-section-height-default\" data-id=\"nsaowwe\" data-element_type=\"section\" data-settings=\"{&quot;background_background&quot;:&quot;classic&quot;,&quot;stretch_section&quot;:&quot;section-stretched&quot;}\">\n\t\t\t\t\t\t<div class=\"elementor-container elementor-column-gap-default\">\n\t\t\t\t\t<div class=\"elementor-column elementor-col-100 elementor-top-column elementor-element elementor-element-kydjdqn\" data-id=\"kydjdqn\" data-element_type=\"column\">\n\t\t\t<div class=\"elementor-widget-wrap\">\n\t\t\t\t\t\t\t<\/div>\n\t\t<\/div>\n\t\t\t\t\t<\/div>\n\t\t<\/section>\n\t\t\t\t<section class=\"elementor-section elementor-top-section elementor-element elementor-element-gzukalw elementor-section-boxed elementor-section-height-default elementor-section-height-default\" data-id=\"gzukalw\" data-element_type=\"section\">\n\t\t\t\t\t\t<div class=\"elementor-container elementor-column-gap-default\">\n\t\t\t\t\t<div class=\"elementor-column elementor-col-100 elementor-top-column elementor-element elementor-element-ziudfis\" data-id=\"ziudfis\" data-element_type=\"column\">\n\t\t\t<div class=\"elementor-widget-wrap elementor-element-populated\">\n\t\t\t\t\t\t<div class=\"elementor-element elementor-element-u7ycr1m titoltaller elementor-widget elementor-widget-heading\" data-id=\"u7ycr1m\" data-element_type=\"widget\" data-widget_type=\"heading.default\">\n\t\t\t\t<div class=\"elementor-widget-container\">\n\t\t\t\t\t<h1 class=\"elementor-heading-title elementor-size-default\">- Juan S\u00e1nchez -<\/h1>\t\t\t\t<\/div>\n\t\t\t\t<\/div>\n\t\t\t\t<section class=\"elementor-section elementor-inner-section elementor-element elementor-element-nzne08a elementor-section-boxed elementor-section-height-default elementor-section-height-default\" data-id=\"nzne08a\" data-element_type=\"section\">\n\t\t\t\t\t\t<div class=\"elementor-container elementor-column-gap-default\">\n\t\t\t\t\t<div class=\"elementor-column elementor-col-50 elementor-inner-column elementor-element elementor-element-uho6u4h\" data-id=\"uho6u4h\" data-element_type=\"column\">\n\t\t\t<div class=\"elementor-widget-wrap elementor-element-populated\">\n\t\t\t\t\t\t<div class=\"elementor-element elementor-element-kk47xo7 textnosaltres elementor-widget elementor-widget-text-editor\" data-id=\"kk47xo7\" data-element_type=\"widget\" data-widget_type=\"text-editor.default\">\n\t\t\t\t<div class=\"elementor-widget-container\">\n\t\t\t\t\t\t\t\t\t<p class=\"m_-3071052326149482388MsoNoSpacing\"><span lang=\"CA\">Juan S\u00e1nchez es el propietario d\u2019Antic Oliver. Comenz\u00f3 hace m\u00e1s de 50 a\u00f1os compaginando la hosteler\u00eda en el restaurante Mas Oliver con la compra-venta de muebles antiguos.<u><\/u><u><\/u><\/span><\/p><p class=\"m_-3071052326149482388MsoNoSpacing\"><span lang=\"CA\">Actualmente la tienda-taller ocupa la parte de la \u00abS\u00ednia\u00bb (antigua parte del manso donde se recog\u00eda el agua), una gran extensi\u00f3n de terreno dividido en cuatro partes: el taller de hierro, el taller de madera, el rinc\u00f3n de la piedra y la tienda.<u><\/u><u><\/u><\/span><\/p><p class=\"m_-3071052326149482388MsoNoSpacing\">\u00a0<\/p>\t\t\t\t\t\t\t\t<\/div>\n\t\t\t\t<\/div>\n\t\t\t\t\t<\/div>\n\t\t<\/div>\n\t\t\t\t<div class=\"elementor-column elementor-col-50 elementor-inner-column elementor-element elementor-element-v1yqi0g\" data-id=\"v1yqi0g\" data-element_type=\"column\">\n\t\t\t<div class=\"elementor-widget-wrap elementor-element-populated\">\n\t\t\t\t\t\t<div class=\"elementor-element elementor-element-l7po5jg textnosaltres elementor-widget elementor-widget-text-editor\" data-id=\"l7po5jg\" data-element_type=\"widget\" data-widget_type=\"text-editor.default\">\n\t\t\t\t<div class=\"elementor-widget-container\">\n\t\t\t\t\t\t\t\t\t<p class=\"m_-3071052326149482388MsoNoSpacing\"><span lang=\"CA\">Con el tiempo se ha a\u00f1adido el apartado de materiales procedente de derribos: suelos, baldosas, tejas, elementos de decoraci\u00f3n, piedras, puertas, rejas, barandas, estufas\u2026<u><\/u><u><\/u><\/span><\/p><p class=\"m_-3071052326149482388MsoNoSpacing\"><span lang=\"CA\">Actualmente Antic Oliver es como un museo, un lugar para visitar y observar los objetos que con el paso del tiempo han ido cambiando y observar c\u00f3mo se ha ido evolucionando e innovando con la decoraci\u00f3n. Tenemos dos ejemplos en Palafrugell, el restaurante Antic Oliver y el Bar Candela.<\/span><\/p>\t\t\t\t\t\t\t\t<\/div>\n\t\t\t\t<\/div>\n\t\t\t\t\t<\/div>\n\t\t<\/div>\n\t\t\t\t\t<\/div>\n\t\t<\/section>\n\t\t\t\t\t<\/div>\n\t\t<\/div>\n\t\t\t\t\t<\/div>\n\t\t<\/section>\n\t\t\t\t<section class=\"elementor-section elementor-top-section elementor-element elementor-element-zbsoebl elementor-section-full_width elementor-section-stretched elementor-section-height-default elementor-section-height-default\" data-id=\"zbsoebl\" data-element_type=\"section\" data-settings=\"{&quot;background_background&quot;:&quot;classic&quot;,&quot;shape_divider_bottom&quot;:&quot;tilt&quot;,&quot;stretch_section&quot;:&quot;section-stretched&quot;}\">\n\t\t\t\t\t\t\t<div class=\"elementor-background-overlay\"><\/div>\n\t\t\t\t\t\t<div class=\"elementor-shape elementor-shape-bottom\" data-negative=\"false\">\n\t\t\t<svg xmlns=\"http:\/\/www.w3.org\/2000\/svg\" viewBox=\"0 0 1000 100\" preserveAspectRatio=\"none\">\n\t<path class=\"elementor-shape-fill\" d=\"M0,6V0h1000v100L0,6z\"\/>\n<\/svg>\t\t<\/div>\n\t\t\t\t\t<div class=\"elementor-container elementor-column-gap-default\">\n\t\t\t\t\t<div class=\"elementor-column elementor-col-100 elementor-top-column elementor-element elementor-element-ynofwrj\" data-id=\"ynofwrj\" data-element_type=\"column\">\n\t\t\t<div class=\"elementor-widget-wrap elementor-element-populated\">\n\t\t\t\t\t\t<div class=\"elementor-element elementor-element-dajuowq elementor-widget elementor-widget-text-editor\" data-id=\"dajuowq\" data-element_type=\"widget\" data-widget_type=\"text-editor.default\">\n\t\t\t\t<div class=\"elementor-widget-container\">\n\t\t\t\t\t\t\t\t\t<p class=\"descobreixtitol\">&#8211; Descubra todos nuestros productos &#8211;<\/p><p class=\"descobreixtext\">Nuestra finalidad no es parar el tiempo, sino que los que passan por \u00e9l, puedan disfrutar y apreciar su contenido.<\/p><p><a class=\"botorepartidor negre\" href=\"https:\/\/www.anticoliver.net\/es\/contacte\/\">CONTACTO<\/a><\/p>\t\t\t\t\t\t\t\t<\/div>\n\t\t\t\t<\/div>\n\t\t\t\t\t<\/div>\n\t\t<\/div>\n\t\t\t\t\t<\/div>\n\t\t<\/section>\n\t\t\t\t<section class=\"elementor-section elementor-top-section elementor-element elementor-element-lynwzpc elementor-section-full_width elementor-section-stretched elementor-section-height-default elementor-section-height-default\" data-id=\"lynwzpc\" data-element_type=\"section\" data-settings=\"{&quot;background_background&quot;:&quot;classic&quot;,&quot;stretch_section&quot;:&quot;section-stretched&quot;}\">\n\t\t\t\t\t\t<div class=\"elementor-container elementor-column-gap-no\">\n\t\t\t\t\t<div class=\"elementor-column elementor-col-100 elementor-top-column elementor-element elementor-element-hrvhhpm\" data-id=\"hrvhhpm\" data-element_type=\"column\">\n\t\t\t<div class=\"elementor-widget-wrap elementor-element-populated\">\n\t\t\t\t\t\t<div class=\"elementor-element elementor-element-wytjubl elementor-widget elementor-widget-text-editor\" data-id=\"wytjubl\" data-element_type=\"widget\" data-widget_type=\"text-editor.default\">\n\t\t\t\t<div class=\"elementor-widget-container\">\n\t\t\t\t\t\t\t\t\t<img decoding=\"async\" class=\"aligncenter size-medium wp-image-49\" src=\"https:\/\/www.anticoliver.net\/wp-content\/uploads\/2017\/07\/oliver-blanc-logo-300x56.png\" alt=\"\" width=\"225\" height=\"56\" \/>\n<p class=\"direcciofooter\">PALAFRUGELL &#8211; Tel. +34 649 81 87 88<\/p>\n<p class=\"xarxesfooter\"><a href=\"https:\/\/www.facebook.com\/ANTIC-Oliver-125820741393280\/\">FACEBOOK<\/a><\/p>\n<p class=\"copyrightfooter\">Copyright \u00a9 2017 Antic Oliver \u2022 <span class=\"xarxesfooter\"><a href=\"https:\/\/www.anticoliver.net\/avis-legal\/\">Aviso legal<\/a><\/span> \u2022 Dise\u00f1o web El Corriol<\/p>\t\t\t\t\t\t\t\t<\/div>\n\t\t\t\t<\/div>\n\t\t\t\t\t<\/div>\n\t\t<\/div>\n\t\t\t\t\t<\/div>\n\t\t<\/section>\n\t\t\t\t<\/div>\n\t\t","protected":false},"excerpt":{"rendered":"<p>&#8211; Juan S\u00e1nchez &#8211; Juan S\u00e1nchez es el propietario d\u2019Antic Oliver. Comenz\u00f3 hace m\u00e1s de 50 a\u00f1os compaginando la hosteler\u00eda en el restaurante Mas Oliver con la compra-venta de muebles antiguos. Actualmente la tienda-taller ocupa la parte de la \u00abS\u00ednia\u00bb (antigua parte del manso donde se recog\u00eda el agua), una gran extensi\u00f3n de terreno dividido [&hellip;]<\/p>\n","protected":false},"author":1,"featured_media":0,"parent":0,"menu_order":0,"comment_status":"closed","ping_status":"closed","template":"page.php","meta":{"footnotes":""},"class_list":["post-380","page","type-page","status-publish","hentry"],"yoast_head":"<!-- This site is optimized with the Yoast SEO plugin v24.8.1 - https:\/\/yoast.com\/wordpress\/plugins\/seo\/ -->\n<title>Antic Oliver Palafrugell - La tienda-taller de Juan S\u00e1nchez<\/title>\n<meta name=\"description\" content=\"Antic Oliver es como un museo, un lugar para ir a ver objetos que con el paso del tiempo han ido cambiando y observar c\u00f3mo ha evolucionado la decoraci\u00f3n.\" \/>\n<meta name=\"robots\" content=\"index, follow, max-snippet:-1, max-image-preview:large, max-video-preview:-1\" \/>\n<link rel=\"canonical\" href=\"https:\/\/www.anticoliver.net\/nosaltres\/\" \/>\n<meta property=\"og:locale\" content=\"es_ES\" \/>\n<meta property=\"og:type\" content=\"article\" \/>\n<meta property=\"og:title\" content=\"Antic Oliver Palafrugell - La tienda-taller de Juan S\u00e1nchez\" \/>\n<meta property=\"og:description\" content=\"Antic Oliver es como un museo, un lugar para ir a ver objetos que con el paso del tiempo han ido cambiando y observar c\u00f3mo ha evolucionado la decoraci\u00f3n.\" \/>\n<meta property=\"og:url\" content=\"https:\/\/www.anticoliver.net\/nosaltres\/\" \/>\n<meta property=\"og:site_name\" content=\"Antic Oliver\" \/>\n<meta property=\"article:publisher\" content=\"https:\/\/www.facebook.com\/botigatalleranticoliver\/\" \/>\n<meta property=\"article:modified_time\" content=\"2017-09-15T07:37:46+00:00\" \/>\n<meta property=\"og:image\" content=\"http:\/\/www.anticoliver.net\/wp-content\/uploads\/2017\/07\/oliver-blanc-logo-300x56.png\" \/>\n<meta name=\"twitter:card\" content=\"summary_large_image\" \/>\n<meta name=\"twitter:label1\" content=\"Tiempo de lectura\" \/>\n\t<meta name=\"twitter:data1\" content=\"1 minuto\" \/>\n<script type=\"application\/ld+json\" class=\"yoast-schema-graph\">{\"@context\":\"https:\/\/schema.org\",\"@graph\":[{\"@type\":\"WebPage\",\"@id\":\"https:\/\/www.anticoliver.net\/nosaltres\/\",\"url\":\"https:\/\/www.anticoliver.net\/nosaltres\/\",\"name\":\"Antic Oliver Palafrugell - La tienda-taller de Juan S\u00e1nchez\",\"isPartOf\":{\"@id\":\"https:\/\/www.anticoliver.net\/#website\"},\"primaryImageOfPage\":{\"@id\":\"https:\/\/www.anticoliver.net\/nosaltres\/#primaryimage\"},\"image\":{\"@id\":\"https:\/\/www.anticoliver.net\/nosaltres\/#primaryimage\"},\"thumbnailUrl\":\"http:\/\/www.anticoliver.net\/wp-content\/uploads\/2017\/07\/oliver-blanc-logo-300x56.png\",\"datePublished\":\"2017-09-07T13:58:20+00:00\",\"dateModified\":\"2017-09-15T07:37:46+00:00\",\"description\":\"Antic Oliver es como un museo, un lugar para ir a ver objetos que con el paso del tiempo han ido cambiando y observar c\u00f3mo ha evolucionado la decoraci\u00f3n.\",\"breadcrumb\":{\"@id\":\"https:\/\/www.anticoliver.net\/nosaltres\/#breadcrumb\"},\"inLanguage\":\"es\",\"potentialAction\":[{\"@type\":\"ReadAction\",\"target\":[\"https:\/\/www.anticoliver.net\/nosaltres\/\"]}]},{\"@type\":\"ImageObject\",\"inLanguage\":\"es\",\"@id\":\"https:\/\/www.anticoliver.net\/nosaltres\/#primaryimage\",\"url\":\"http:\/\/www.anticoliver.net\/wp-content\/uploads\/2017\/07\/oliver-blanc-logo-300x56.png\",\"contentUrl\":\"http:\/\/www.anticoliver.net\/wp-content\/uploads\/2017\/07\/oliver-blanc-logo-300x56.png\"},{\"@type\":\"BreadcrumbList\",\"@id\":\"https:\/\/www.anticoliver.net\/nosaltres\/#breadcrumb\",\"itemListElement\":[{\"@type\":\"ListItem\",\"position\":1,\"name\":\"Inici\",\"item\":\"https:\/\/www.anticoliver.net\/es\/\"},{\"@type\":\"ListItem\",\"position\":2,\"name\":\"Nostros\"}]},{\"@type\":\"WebSite\",\"@id\":\"https:\/\/www.anticoliver.net\/#website\",\"url\":\"https:\/\/www.anticoliver.net\/\",\"name\":\"Antic Oliver\",\"description\":\"Antic Oliver\",\"publisher\":{\"@id\":\"https:\/\/www.anticoliver.net\/#organization\"},\"potentialAction\":[{\"@type\":\"SearchAction\",\"target\":{\"@type\":\"EntryPoint\",\"urlTemplate\":\"https:\/\/www.anticoliver.net\/?s={search_term_string}\"},\"query-input\":{\"@type\":\"PropertyValueSpecification\",\"valueRequired\":true,\"valueName\":\"search_term_string\"}}],\"inLanguage\":\"es\"},{\"@type\":\"Organization\",\"@id\":\"https:\/\/www.anticoliver.net\/#organization\",\"name\":\"Antic Oliver\",\"url\":\"https:\/\/www.anticoliver.net\/\",\"logo\":{\"@type\":\"ImageObject\",\"inLanguage\":\"es\",\"@id\":\"https:\/\/www.anticoliver.net\/#\/schema\/logo\/image\/\",\"url\":\"http:\/\/www.anticoliver.net\/wp-content\/uploads\/2017\/09\/perfil-face.jpg\",\"contentUrl\":\"http:\/\/www.anticoliver.net\/wp-content\/uploads\/2017\/09\/perfil-face.jpg\",\"width\":400,\"height\":400,\"caption\":\"Antic Oliver\"},\"image\":{\"@id\":\"https:\/\/www.anticoliver.net\/#\/schema\/logo\/image\/\"},\"sameAs\":[\"https:\/\/www.facebook.com\/botigatalleranticoliver\/\"]}]}<\/script>\n<!-- \/ Yoast SEO plugin. -->","yoast_head_json":{"title":"Antic Oliver Palafrugell - La tienda-taller de Juan S\u00e1nchez","description":"Antic Oliver es como un museo, un lugar para ir a ver objetos que con el paso del tiempo han ido cambiando y observar c\u00f3mo ha evolucionado la decoraci\u00f3n.","robots":{"index":"index","follow":"follow","max-snippet":"max-snippet:-1","max-image-preview":"max-image-preview:large","max-video-preview":"max-video-preview:-1"},"canonical":"https:\/\/www.anticoliver.net\/nosaltres\/","og_locale":"es_ES","og_type":"article","og_title":"Antic Oliver Palafrugell - La tienda-taller de Juan S\u00e1nchez","og_description":"Antic Oliver es como un museo, un lugar para ir a ver objetos que con el paso del tiempo han ido cambiando y observar c\u00f3mo ha evolucionado la decoraci\u00f3n.","og_url":"https:\/\/www.anticoliver.net\/nosaltres\/","og_site_name":"Antic Oliver","article_publisher":"https:\/\/www.facebook.com\/botigatalleranticoliver\/","article_modified_time":"2017-09-15T07:37:46+00:00","og_image":[{"url":"http:\/\/www.anticoliver.net\/wp-content\/uploads\/2017\/07\/oliver-blanc-logo-300x56.png","type":"","width":"","height":""}],"twitter_card":"summary_large_image","twitter_misc":{"Tiempo de lectura":"1 minuto"},"schema":{"@context":"https:\/\/schema.org","@graph":[{"@type":"WebPage","@id":"https:\/\/www.anticoliver.net\/nosaltres\/","url":"https:\/\/www.anticoliver.net\/nosaltres\/","name":"Antic Oliver Palafrugell - La tienda-taller de Juan S\u00e1nchez","isPartOf":{"@id":"https:\/\/www.anticoliver.net\/#website"},"primaryImageOfPage":{"@id":"https:\/\/www.anticoliver.net\/nosaltres\/#primaryimage"},"image":{"@id":"https:\/\/www.anticoliver.net\/nosaltres\/#primaryimage"},"thumbnailUrl":"http:\/\/www.anticoliver.net\/wp-content\/uploads\/2017\/07\/oliver-blanc-logo-300x56.png","datePublished":"2017-09-07T13:58:20+00:00","dateModified":"2017-09-15T07:37:46+00:00","description":"Antic Oliver es como un museo, un lugar para ir a ver objetos que con el paso del tiempo han ido cambiando y observar c\u00f3mo ha evolucionado la decoraci\u00f3n.","breadcrumb":{"@id":"https:\/\/www.anticoliver.net\/nosaltres\/#breadcrumb"},"inLanguage":"es","potentialAction":[{"@type":"ReadAction","target":["https:\/\/www.anticoliver.net\/nosaltres\/"]}]},{"@type":"ImageObject","inLanguage":"es","@id":"https:\/\/www.anticoliver.net\/nosaltres\/#primaryimage","url":"http:\/\/www.anticoliver.net\/wp-content\/uploads\/2017\/07\/oliver-blanc-logo-300x56.png","contentUrl":"http:\/\/www.anticoliver.net\/wp-content\/uploads\/2017\/07\/oliver-blanc-logo-300x56.png"},{"@type":"BreadcrumbList","@id":"https:\/\/www.anticoliver.net\/nosaltres\/#breadcrumb","itemListElement":[{"@type":"ListItem","position":1,"name":"Inici","item":"https:\/\/www.anticoliver.net\/es\/"},{"@type":"ListItem","position":2,"name":"Nostros"}]},{"@type":"WebSite","@id":"https:\/\/www.anticoliver.net\/#website","url":"https:\/\/www.anticoliver.net\/","name":"Antic Oliver","description":"Antic Oliver","publisher":{"@id":"https:\/\/www.anticoliver.net\/#organization"},"potentialAction":[{"@type":"SearchAction","target":{"@type":"EntryPoint","urlTemplate":"https:\/\/www.anticoliver.net\/?s={search_term_string}"},"query-input":{"@type":"PropertyValueSpecification","valueRequired":true,"valueName":"search_term_string"}}],"inLanguage":"es"},{"@type":"Organization","@id":"https:\/\/www.anticoliver.net\/#organization","name":"Antic Oliver","url":"https:\/\/www.anticoliver.net\/","logo":{"@type":"ImageObject","inLanguage":"es","@id":"https:\/\/www.anticoliver.net\/#\/schema\/logo\/image\/","url":"http:\/\/www.anticoliver.net\/wp-content\/uploads\/2017\/09\/perfil-face.jpg","contentUrl":"http:\/\/www.anticoliver.net\/wp-content\/uploads\/2017\/09\/perfil-face.jpg","width":400,"height":400,"caption":"Antic Oliver"},"image":{"@id":"https:\/\/www.anticoliver.net\/#\/schema\/logo\/image\/"},"sameAs":["https:\/\/www.facebook.com\/botigatalleranticoliver\/"]}]}},"_links":{"self":[{"href":"https:\/\/www.anticoliver.net\/es\/wp-json\/wp\/v2\/pages\/380","targetHints":{"allow":["GET"]}}],"collection":[{"href":"https:\/\/www.anticoliver.net\/es\/wp-json\/wp\/v2\/pages"}],"about":[{"href":"https:\/\/www.anticoliver.net\/es\/wp-json\/wp\/v2\/types\/page"}],"author":[{"embeddable":true,"href":"https:\/\/www.anticoliver.net\/es\/wp-json\/wp\/v2\/users\/1"}],"replies":[{"embeddable":true,"href":"https:\/\/www.anticoliver.net\/es\/wp-json\/wp\/v2\/comments?post=380"}],"version-history":[{"count":8,"href":"https:\/\/www.anticoliver.net\/es\/wp-json\/wp\/v2\/pages\/380\/revisions"}],"predecessor-version":[{"id":518,"href":"https:\/\/www.anticoliver.net\/es\/wp-json\/wp\/v2\/pages\/380\/revisions\/518"}],"wp:attachment":[{"href":"https:\/\/www.anticoliver.net\/es\/wp-json\/wp\/v2\/media?parent=380"}],"curies":[{"name":"wp","href":"https:\/\/api.w.org\/{rel}","templated":true}]}}