{"id":446,"date":"2017-09-12T08:36:04","date_gmt":"2017-09-12T08:36:04","guid":{"rendered":"http:\/\/www.anticoliver.net\/novedades\/"},"modified":"2017-09-15T07:37:14","modified_gmt":"2017-09-15T07:37:14","slug":"novedades","status":"publish","type":"page","link":"https:\/\/www.anticoliver.net\/es\/novedades\/","title":{"rendered":"Novedades"},"content":{"rendered":"\t\t<div data-elementor-type=\"wp-post\" data-elementor-id=\"446\" class=\"elementor elementor-446 elementor-21\" data-elementor-post-type=\"page\">\n\t\t\t\t\t\t<section class=\"elementor-section elementor-top-section elementor-element elementor-element-udxabhw elementor-section-full_width elementor-section-stretched elementor-section-height-default elementor-section-height-default\" data-id=\"udxabhw\" data-element_type=\"section\" data-settings=\"{&quot;background_background&quot;:&quot;classic&quot;,&quot;shape_divider_bottom&quot;:&quot;tilt&quot;,&quot;stretch_section&quot;:&quot;section-stretched&quot;}\">\n\t\t\t\t\t\t\t<div class=\"elementor-background-overlay\"><\/div>\n\t\t\t\t\t\t<div class=\"elementor-shape elementor-shape-bottom\" data-negative=\"false\">\n\t\t\t<svg xmlns=\"http:\/\/www.w3.org\/2000\/svg\" viewBox=\"0 0 1000 100\" preserveAspectRatio=\"none\">\n\t<path class=\"elementor-shape-fill\" d=\"M0,6V0h1000v100L0,6z\"\/>\n<\/svg>\t\t<\/div>\n\t\t\t\t\t<div class=\"elementor-container elementor-column-gap-default\">\n\t\t\t\t\t<div class=\"elementor-column elementor-col-100 elementor-top-column elementor-element elementor-element-zwmslso\" data-id=\"zwmslso\" data-element_type=\"column\">\n\t\t\t<div class=\"elementor-widget-wrap elementor-element-populated\">\n\t\t\t\t\t\t<div class=\"elementor-element elementor-element-hjzdjfq titoltaller elementor-widget elementor-widget-heading\" data-id=\"hjzdjfq\" data-element_type=\"widget\" data-widget_type=\"heading.default\">\n\t\t\t\t<div class=\"elementor-widget-container\">\n\t\t\t\t\t<h1 class=\"elementor-heading-title elementor-size-default\">- Muebles y objetos en venta en la tienda -<\/h1>\t\t\t\t<\/div>\n\t\t\t\t<\/div>\n\t\t\t\t<div class=\"elementor-element elementor-element-yhaxgln texttasqueshome elementor-widget elementor-widget-text-editor\" data-id=\"yhaxgln\" data-element_type=\"widget\" data-widget_type=\"text-editor.default\">\n\t\t\t\t<div class=\"elementor-widget-container\">\n\t\t\t\t\t\t\t\t\t<p>En nuestra exposici\u00f3n puedes encontrar todo tipo de muebles y objetos antiguos,\r\n <i>vintage\u00a0<\/i>o industriales. Para dar personalidad con elementos originales y \u00fanicos<\/p>\t\t\t\t\t\t\t\t<\/div>\n\t\t\t\t<\/div>\n\t\t\t\t\t<\/div>\n\t\t<\/div>\n\t\t\t\t\t<\/div>\n\t\t<\/section>\n\t\t\t\t<section class=\"elementor-section elementor-top-section elementor-element elementor-element-vhrnjzs elementor-section-boxed elementor-section-height-default elementor-section-height-default\" data-id=\"vhrnjzs\" data-element_type=\"section\">\n\t\t\t\t\t\t<div class=\"elementor-container elementor-column-gap-default\">\n\t\t\t\t\t<div class=\"elementor-column elementor-col-100 elementor-top-column elementor-element elementor-element-mddhizf\" data-id=\"mddhizf\" data-element_type=\"column\">\n\t\t\t<div class=\"elementor-widget-wrap elementor-element-populated\">\n\t\t\t\t\t\t<div class=\"elementor-element elementor-element-yagyawg elementor-widget elementor-widget-text-editor\" data-id=\"yagyawg\" data-element_type=\"widget\" data-widget_type=\"text-editor.default\">\n\t\t\t\t<div class=\"elementor-widget-container\">\n\t\t\t\t\t\t\t\t\t<div class=\"container-fluid \">\r\n                <div class=\"ddl-full-width-row row  ddl-frontend-editor-row ddl-frontend-editor-editable\"   data-id='34' data-name='Row 1' data-type='row' data-layout_slug='' data-kind='Row' >\r\n                <div class=\"col-sm-12 ddl-frontend-editor-cell ddl-frontend-editor-editable js-ddl-frontend-editor-cell\" data-id='s10' data-name='Productes novetats' data-type='views-content-grid-cell' data-layout_slug='' data-kind='Cell'><form autocomplete=\"off\" name=\"wpv-filter-213\" action=\"\/es\/wp-json\/wp\/v2\/pages\/446?wpv_view_count=213\" method=\"get\" class=\"wpv-filter-form js-wpv-filter-form js-wpv-filter-form-213 js-wpv-form-full js-wpv-dps-enabled js-wpv-ajax-results-enabled\" data-viewnumber=\"213\" data-viewid=\"213\" data-viewhash=\"eyJuYW1lIjoicHJvZHVjdGVzLW5vdmV0YXRzIn0=\" data-viewwidgetid=\"0\" data-orderby=\"\" data-order=\"\" data-orderbyas=\"\" data-orderbysecond=\"\" data-ordersecond=\"\" data-parametric=\"{&quot;query&quot;:&quot;normal&quot;,&quot;id&quot;:213,&quot;view_id&quot;:213,&quot;widget_id&quot;:0,&quot;view_hash&quot;:&quot;213&quot;,&quot;action&quot;:&quot;\\\/es\\\/wp-json\\\/wp\\\/v2\\\/pages\\\/446?wpv_view_count=213&quot;,&quot;sort&quot;:{&quot;orderby&quot;:&quot;&quot;,&quot;order&quot;:&quot;&quot;,&quot;orderby_as&quot;:&quot;&quot;,&quot;orderby_second&quot;:&quot;&quot;,&quot;order_second&quot;:&quot;&quot;},&quot;orderby&quot;:&quot;&quot;,&quot;order&quot;:&quot;&quot;,&quot;orderby_as&quot;:&quot;&quot;,&quot;orderby_second&quot;:&quot;&quot;,&quot;order_second&quot;:&quot;&quot;,&quot;ajax_form&quot;:&quot;&quot;,&quot;ajax_results&quot;:&quot;&quot;,&quot;effect&quot;:&quot;fade&quot;,&quot;prebefore&quot;:&quot;&quot;,&quot;before&quot;:&quot;&quot;,&quot;after&quot;:&quot;&quot;,&quot;attributes&quot;:[],&quot;environment&quot;:{&quot;current_post_id&quot;:446,&quot;parent_post_id&quot;:446,&quot;parent_term_id&quot;:0,&quot;parent_user_id&quot;:0,&quot;archive&quot;:{&quot;type&quot;:&quot;&quot;,&quot;name&quot;:&quot;&quot;,&quot;data&quot;:[]}},&quot;loop&quot;:{&quot;type&quot;:&quot;&quot;,&quot;name&quot;:&quot;&quot;,&quot;data&quot;:[],&quot;id&quot;:0}}\" data-attributes=\"[]\" data-environment=\"{&quot;current_post_id&quot;:446,&quot;parent_post_id&quot;:446,&quot;parent_term_id&quot;:0,&quot;parent_user_id&quot;:0,&quot;archive&quot;:{&quot;type&quot;:&quot;&quot;,&quot;name&quot;:&quot;&quot;,&quot;data&quot;:[]}}\"><input type=\"hidden\" class=\"js-wpv-dps-filter-data js-wpv-filter-data-for-this-form\" data-action=\"\/es\/wp-json\/wp\/v2\/pages\/446?wpv_view_count=213\" data-page=\"1\" data-ajax=\"enable\" data-effect=\"fade\" data-maxpages=\"1\" data-ajaxprebefore=\"\" data-ajaxbefore=\"\" data-ajaxafter=\"\" \/><input class=\"wpv_view_count wpv_view_count-213\" type=\"hidden\" name=\"wpv_view_count\" value=\"213\" \/>\n\n<div class=\"form-group\">\n   <div class=\"radio\"><label for=\"post_category-colecionismo\"><input type=\"radio\" id=\"post_category-colecionismo\" class=\"js-wpv-filter-trigger\" name=\"wpv-category\" value=\"colecionismo\" \/>Colecionismo<\/label><\/div><div class=\"radio\"><label for=\"post_category-decoracion\"><input type=\"radio\" id=\"post_category-decoracion\" class=\"js-wpv-filter-trigger\" name=\"wpv-category\" value=\"decoracion\" \/>Decoraci\u00f3n<\/label><\/div><div class=\"radio\"><label for=\"post_category-jardin\"><input type=\"radio\" id=\"post_category-jardin\" class=\"js-wpv-filter-trigger\" name=\"wpv-category\" value=\"jardin\" \/>Jardin<\/label><\/div><div class=\"radio\"><label for=\"post_category-muebles\"><input type=\"radio\" id=\"post_category-muebles\" class=\"js-wpv-filter-trigger\" name=\"wpv-category\" value=\"muebles\" \/>Muebles<\/label><\/div><div class=\"radio\"><label for=\"post_category-todos\"><input type=\"radio\" id=\"post_category-todos\" class=\"js-wpv-filter-trigger\" name=\"wpv-category\" value=\"todos\" \/>Todos<\/label><\/div>\n<\/div>\n\n<\/form>\n<div id=\"wpv-view-layout-213\" class=\"js-wpv-view-layout js-wpv-layout-responsive js-wpv-view-layout-213\" data-viewnumber=\"213\" data-pagination=\"{&quot;id&quot;:213,&quot;query&quot;:&quot;normal&quot;,&quot;type&quot;:&quot;paged&quot;,&quot;effect&quot;:&quot;fade&quot;,&quot;duration&quot;:500,&quot;speed&quot;:5,&quot;pause_on_hover&quot;:&quot;disabled&quot;,&quot;stop_rollover&quot;:&quot;false&quot;,&quot;cache_pages&quot;:&quot;enabled&quot;,&quot;preload_images&quot;:&quot;enabled&quot;,&quot;preload_pages&quot;:&quot;enabled&quot;,&quot;preload_reach&quot;:1,&quot;spinner&quot;:&quot;builtin&quot;,&quot;spinner_image&quot;:&quot;https:\/\/www.anticoliver.net\/wp-content\/plugins\/wp-views\/embedded\/res\/img\/ajax-loader.gif&quot;,&quot;callback_next&quot;:&quot;&quot;,&quot;manage_history&quot;:&quot;enabled&quot;,&quot;has_controls_in_form&quot;:&quot;disabled&quot;,&quot;infinite_tolerance&quot;:0,&quot;max_pages&quot;:1,&quot;page&quot;:1,&quot;base_permalink&quot;:&quot;\/es\/wp-json\/wp\/v2\/pages\/446?wpv_view_count=213&amp;wpv_paged=WPV_PAGE_NUM&quot;,&quot;loop&quot;:{&quot;type&quot;:&quot;&quot;,&quot;name&quot;:&quot;&quot;,&quot;data&quot;:[],&quot;id&quot;:0}}\" data-permalink=\"\/es\/wp-json\/wp\/v2\/pages\/446?wpv_view_count=213\">\n\n\t\n\t\n\t\n\t\t\n\t\t<div class=\"row \">\n\t\t\t<div class=\"col-sm-4\"><div class=\"productecaixa\">\n  <p><img fetchpriority=\"high\" fetchpriority=\"high\" fetchpriority=\"high\" decoding=\"async\" class=\"attachment-300x350 size-300x350\" src=\"https:\/\/www.anticoliver.net\/wp-content\/uploads\/2017\/08\/moble-menjador-18-wpv_300x350.jpg\" width=\"300\" height=\"350\" alt=\"\" \/><\/p>\n  <p class=\"titolproducte\">BUFETE ANTIGUO<\/p>\n  <div class=\"cosproducte\"><p>Bufete muy antiguo S.XVIII para comedor o cocina<\/p>\n<\/div>\n<\/div><\/div>\n\t\t\n\t\t\n\t\t\t<div class=\"col-sm-4\"><div class=\"productecaixa\">\n  <p><img decoding=\"async\" class=\"attachment-300x350 size-300x350\" src=\"https:\/\/www.anticoliver.net\/wp-content\/uploads\/2017\/08\/tricicle-propi-wpv_300x350.jpg\" width=\"300\" height=\"350\" alt=\"\" \/><\/p>\n  <p class=\"titolproducte\">BICICLETA REPARTIDOR<\/p>\n  <div class=\"cosproducte\"><p>Bicicleta antigua de repartidor<\/p>\n<\/div>\n<\/div><\/div>\n\t\t\n\t\t\n\t\t\t<div class=\"col-sm-4\"><div class=\"productecaixa\">\n  <p><img decoding=\"async\" class=\"attachment-300x350 size-300x350\" src=\"https:\/\/www.anticoliver.net\/wp-content\/uploads\/2017\/08\/taula-rodona-wpv_300x350.jpg\" width=\"300\" height=\"350\" alt=\"\" \/><\/p>\n  <p class=\"titolproducte\">MESA REDONDA<\/p>\n  <div class=\"cosproducte\"><p>Mesa redonda de madera y pie industrial<\/p>\n<\/div>\n<\/div><\/div>\n\t\t<\/div>\n\t\t\n\t\t\n\t\t<div class=\"row \">\n\t\t\t<div class=\"col-sm-4\"><div class=\"productecaixa\">\n  <p><img loading=\"lazy\" loading=\"lazy\" loading=\"lazy\" decoding=\"async\" class=\"attachment-300x350 size-300x350\" src=\"https:\/\/www.anticoliver.net\/wp-content\/uploads\/2017\/08\/camaragrabar-B-wpv_300x350.jpg\" width=\"300\" height=\"350\" alt=\"\" \/><\/p>\n  <p class=\"titolproducte\">MAQUINA DE DIAPOSITIVAS<\/p>\n  <div class=\"cosproducte\"><p>Va acompa\u00f1ada de dos cajas de diapositivas unicas<\/p>\n<\/div>\n<\/div><\/div>\n\t\t\n\t\t\n\t\t\t<div class=\"col-sm-4\"><div class=\"productecaixa\">\n  <p><img loading=\"lazy\" loading=\"lazy\" loading=\"lazy\" decoding=\"async\" class=\"attachment-300x350 size-300x350\" src=\"https:\/\/www.anticoliver.net\/wp-content\/uploads\/2017\/08\/armaricantoner-B-wpv_300x350.jpg\" width=\"300\" height=\"350\" alt=\"\" \/><\/p>\n  <p class=\"titolproducte\">ARMARIO BLANCO ESQUINERO<\/p>\n  <div class=\"cosproducte\"><p>Hecho de material reutilizado pero con puertas originales antiguas<\/p>\n<\/div>\n<\/div><\/div>\n\t\t\n\t\t\n\t\t\t<div class=\"col-sm-4\"><div class=\"productecaixa\">\n  <p><img loading=\"lazy\" loading=\"lazy\" loading=\"lazy\" decoding=\"async\" class=\"attachment-300x350 size-300x350\" src=\"https:\/\/www.anticoliver.net\/wp-content\/uploads\/2017\/08\/baixellferro-B-wpv_300x350.jpg\" width=\"300\" height=\"350\" alt=\"\" \/><\/p>\n  <p class=\"titolproducte\">BARCO ANTIGUO<\/p>\n  <div class=\"cosproducte\"><p>Barco muy decorativo con pie de madera<\/p>\n<\/div>\n<\/div><\/div>\n\t\t<\/div>\n\t\t\n\t\t\n\t\t<div class=\"row \">\n\t\t\t<div class=\"col-sm-4\"><div class=\"productecaixa\">\n  <p><img loading=\"lazy\" loading=\"lazy\" loading=\"lazy\" decoding=\"async\" class=\"attachment-300x350 size-300x350\" src=\"https:\/\/www.anticoliver.net\/wp-content\/uploads\/2017\/08\/ampolles-B-wpv_300x350.jpg\" width=\"300\" height=\"350\" alt=\"\" \/><\/p>\n  <p class=\"titolproducte\">BOTELLERO DE HIERRO<\/p>\n  <div class=\"cosproducte\"><p>Botellero de hierro de creaci\u00f3n propia<\/p>\n<\/div>\n<\/div><\/div>\n\t\t\n\t\t\n\t\t\t<div class=\"col-sm-4\"><div class=\"productecaixa\">\n  <p><img loading=\"lazy\" loading=\"lazy\" loading=\"lazy\" decoding=\"async\" class=\"attachment-300x350 size-300x350\" src=\"https:\/\/www.anticoliver.net\/wp-content\/uploads\/2017\/08\/bicicleta-B-wpv_300x350.jpg\" width=\"300\" height=\"350\" alt=\"\" \/><\/p>\n  <p class=\"titolproducte\">TRICICLO<\/p>\n  <div class=\"cosproducte\"><p>Triciclo infantil antiguo restaurado<\/p>\n<\/div>\n<\/div><\/div>\n\t\t\n\t\t\n\t\t\t<div class=\"col-sm-4\"><div class=\"productecaixa\">\n  <p><img loading=\"lazy\" loading=\"lazy\" loading=\"lazy\" decoding=\"async\" class=\"attachment-300x350 size-300x350\" src=\"https:\/\/www.anticoliver.net\/wp-content\/uploads\/2017\/08\/cavall-B-wpv_300x350.jpg\" width=\"300\" height=\"350\" alt=\"\" \/><\/p>\n  <p class=\"titolproducte\">CABALLO DORADO<\/p>\n  <div class=\"cosproducte\"><p>Caballo policromado muy decorativo<\/p>\n<\/div>\n<\/div><\/div>\n\t\t<\/div>\n\t\t\n\t\n\t\n\t\n<div class=\"butons\"><\/div>\n<\/div>\n<\/div><\/div><\/div>\t\t\t\t\t\t\t\t<\/div>\n\t\t\t\t<\/div>\n\t\t\t\t\t<\/div>\n\t\t<\/div>\n\t\t\t\t\t<\/div>\n\t\t<\/section>\n\t\t\t\t<section class=\"elementor-section elementor-top-section elementor-element elementor-element-mnppqrk elementor-section-full_width elementor-section-stretched elementor-section-height-default elementor-section-height-default\" data-id=\"mnppqrk\" data-element_type=\"section\" data-settings=\"{&quot;background_background&quot;:&quot;classic&quot;,&quot;stretch_section&quot;:&quot;section-stretched&quot;}\">\n\t\t\t\t\t\t<div class=\"elementor-container elementor-column-gap-no\">\n\t\t\t\t\t<div class=\"elementor-column elementor-col-100 elementor-top-column elementor-element elementor-element-vsmbeuq\" data-id=\"vsmbeuq\" data-element_type=\"column\">\n\t\t\t<div class=\"elementor-widget-wrap elementor-element-populated\">\n\t\t\t\t\t\t<div class=\"elementor-element elementor-element-xwrgrwo elementor-widget elementor-widget-text-editor\" data-id=\"xwrgrwo\" data-element_type=\"widget\" data-widget_type=\"text-editor.default\">\n\t\t\t\t<div class=\"elementor-widget-container\">\n\t\t\t\t\t\t\t\t\t<img loading=\"lazy\" decoding=\"async\" class=\"aligncenter size-medium wp-image-49\" src=\"https:\/\/www.anticoliver.net\/wp-content\/uploads\/2017\/07\/oliver-blanc-logo-300x56.png\" alt=\"\" width=\"225\" height=\"56\" \/>\n<p class=\"direcciofooter\">PALAFRUGELL &#8211; Tel. +34 649 81 87 88<\/p>\n<p class=\"xarxesfooter\"><a href=\"https:\/\/www.facebook.com\/ANTIC-Oliver-125820741393280\/\">FACEBOOK<\/a><\/p>\n<p class=\"copyrightfooter\">Copyright \u00a9 2017 Antic Oliver \u2022 <span class=\"xarxesfooter\"><a href=\"https:\/\/www.anticoliver.net\/avis-legal\/\">Aviso legal<\/a><\/span> \u2022 Dise\u00f1o web Ag\u00e8ncia El Corriol<\/p>\t\t\t\t\t\t\t\t<\/div>\n\t\t\t\t<\/div>\n\t\t\t\t\t<\/div>\n\t\t<\/div>\n\t\t\t\t\t<\/div>\n\t\t<\/section>\n\t\t\t\t<\/div>\n\t\t","protected":false},"excerpt":{"rendered":"<p>&#8211; Muebles y objetos en venta en la tienda &#8211; En nuestra exposici\u00f3n puedes encontrar todo tipo de muebles y objetos antiguos, vintage\u00a0o industriales. Para dar personalidad con elementos originales y \u00fanicos PALAFRUGELL &#8211; Tel. +34 649 81 87 88 FACEBOOK Copyright \u00a9 2017 Antic Oliver \u2022 Aviso legal \u2022 Dise\u00f1o web Ag\u00e8ncia El Corriol<\/p>\n","protected":false},"author":1,"featured_media":0,"parent":0,"menu_order":0,"comment_status":"closed","ping_status":"closed","template":"page.php","meta":{"footnotes":""},"class_list":["post-446","page","type-page","status-publish","hentry"],"yoast_head":"<!-- This site is optimized with the Yoast SEO plugin v24.8.1 - https:\/\/yoast.com\/wordpress\/plugins\/seo\/ -->\n<title>Antic Oliver - Muebles y objetos \u00fanicos en venta en la tienda<\/title>\n<meta name=\"description\" content=\"En nuestra exposici\u00f3n puedes encontrar todo tipo de muebles y objetos, antiguos, vintage o industriales para la decoraci\u00f3n de todos los espacios de tu casa.\" \/>\n<meta name=\"robots\" content=\"index, follow, max-snippet:-1, max-image-preview:large, max-video-preview:-1\" \/>\n<link rel=\"canonical\" href=\"https:\/\/www.anticoliver.net\/novetats\/\" \/>\n<meta property=\"og:locale\" content=\"es_ES\" \/>\n<meta property=\"og:type\" content=\"article\" \/>\n<meta property=\"og:title\" content=\"Antic Oliver - Muebles y objetos \u00fanicos en venta en la tienda\" \/>\n<meta property=\"og:description\" content=\"En nuestra exposici\u00f3n puedes encontrar todo tipo de muebles y objetos, antiguos, vintage o industriales para la decoraci\u00f3n de todos los espacios de tu casa.\" \/>\n<meta property=\"og:url\" content=\"https:\/\/www.anticoliver.net\/novetats\/\" \/>\n<meta property=\"og:site_name\" content=\"Antic Oliver\" \/>\n<meta property=\"article:publisher\" content=\"https:\/\/www.facebook.com\/botigatalleranticoliver\/\" \/>\n<meta property=\"article:modified_time\" content=\"2017-09-15T07:37:14+00:00\" \/>\n<meta property=\"og:image\" content=\"http:\/\/www.anticoliver.net\/wp-content\/uploads\/2017\/07\/oliver-blanc-logo-300x56.png\" \/>\n<meta name=\"twitter:card\" content=\"summary_large_image\" \/>\n<script type=\"application\/ld+json\" class=\"yoast-schema-graph\">{\"@context\":\"https:\/\/schema.org\",\"@graph\":[{\"@type\":\"WebPage\",\"@id\":\"https:\/\/www.anticoliver.net\/novetats\/\",\"url\":\"https:\/\/www.anticoliver.net\/novetats\/\",\"name\":\"Antic Oliver - Muebles y objetos \u00fanicos en venta en la tienda\",\"isPartOf\":{\"@id\":\"https:\/\/www.anticoliver.net\/#website\"},\"primaryImageOfPage\":{\"@id\":\"https:\/\/www.anticoliver.net\/novetats\/#primaryimage\"},\"image\":{\"@id\":\"https:\/\/www.anticoliver.net\/novetats\/#primaryimage\"},\"thumbnailUrl\":\"http:\/\/www.anticoliver.net\/wp-content\/uploads\/2017\/07\/oliver-blanc-logo-300x56.png\",\"datePublished\":\"2017-09-12T08:36:04+00:00\",\"dateModified\":\"2017-09-15T07:37:14+00:00\",\"description\":\"En nuestra exposici\u00f3n puedes encontrar todo tipo de muebles y objetos, antiguos, vintage o industriales para la decoraci\u00f3n de todos los espacios de tu casa.\",\"breadcrumb\":{\"@id\":\"https:\/\/www.anticoliver.net\/novetats\/#breadcrumb\"},\"inLanguage\":\"es\",\"potentialAction\":[{\"@type\":\"ReadAction\",\"target\":[\"https:\/\/www.anticoliver.net\/novetats\/\"]}]},{\"@type\":\"ImageObject\",\"inLanguage\":\"es\",\"@id\":\"https:\/\/www.anticoliver.net\/novetats\/#primaryimage\",\"url\":\"http:\/\/www.anticoliver.net\/wp-content\/uploads\/2017\/07\/oliver-blanc-logo-300x56.png\",\"contentUrl\":\"http:\/\/www.anticoliver.net\/wp-content\/uploads\/2017\/07\/oliver-blanc-logo-300x56.png\"},{\"@type\":\"BreadcrumbList\",\"@id\":\"https:\/\/www.anticoliver.net\/novetats\/#breadcrumb\",\"itemListElement\":[{\"@type\":\"ListItem\",\"position\":1,\"name\":\"Inici\",\"item\":\"https:\/\/www.anticoliver.net\/es\/\"},{\"@type\":\"ListItem\",\"position\":2,\"name\":\"Novedades\"}]},{\"@type\":\"WebSite\",\"@id\":\"https:\/\/www.anticoliver.net\/#website\",\"url\":\"https:\/\/www.anticoliver.net\/\",\"name\":\"Antic Oliver\",\"description\":\"Antic Oliver\",\"publisher\":{\"@id\":\"https:\/\/www.anticoliver.net\/#organization\"},\"potentialAction\":[{\"@type\":\"SearchAction\",\"target\":{\"@type\":\"EntryPoint\",\"urlTemplate\":\"https:\/\/www.anticoliver.net\/?s={search_term_string}\"},\"query-input\":{\"@type\":\"PropertyValueSpecification\",\"valueRequired\":true,\"valueName\":\"search_term_string\"}}],\"inLanguage\":\"es\"},{\"@type\":\"Organization\",\"@id\":\"https:\/\/www.anticoliver.net\/#organization\",\"name\":\"Antic Oliver\",\"url\":\"https:\/\/www.anticoliver.net\/\",\"logo\":{\"@type\":\"ImageObject\",\"inLanguage\":\"es\",\"@id\":\"https:\/\/www.anticoliver.net\/#\/schema\/logo\/image\/\",\"url\":\"http:\/\/www.anticoliver.net\/wp-content\/uploads\/2017\/09\/perfil-face.jpg\",\"contentUrl\":\"http:\/\/www.anticoliver.net\/wp-content\/uploads\/2017\/09\/perfil-face.jpg\",\"width\":400,\"height\":400,\"caption\":\"Antic Oliver\"},\"image\":{\"@id\":\"https:\/\/www.anticoliver.net\/#\/schema\/logo\/image\/\"},\"sameAs\":[\"https:\/\/www.facebook.com\/botigatalleranticoliver\/\"]}]}<\/script>\n<!-- \/ Yoast SEO plugin. -->","yoast_head_json":{"title":"Antic Oliver - Muebles y objetos \u00fanicos en venta en la tienda","description":"En nuestra exposici\u00f3n puedes encontrar todo tipo de muebles y objetos, antiguos, vintage o industriales para la decoraci\u00f3n de todos los espacios de tu casa.","robots":{"index":"index","follow":"follow","max-snippet":"max-snippet:-1","max-image-preview":"max-image-preview:large","max-video-preview":"max-video-preview:-1"},"canonical":"https:\/\/www.anticoliver.net\/novetats\/","og_locale":"es_ES","og_type":"article","og_title":"Antic Oliver - Muebles y objetos \u00fanicos en venta en la tienda","og_description":"En nuestra exposici\u00f3n puedes encontrar todo tipo de muebles y objetos, antiguos, vintage o industriales para la decoraci\u00f3n de todos los espacios de tu casa.","og_url":"https:\/\/www.anticoliver.net\/novetats\/","og_site_name":"Antic Oliver","article_publisher":"https:\/\/www.facebook.com\/botigatalleranticoliver\/","article_modified_time":"2017-09-15T07:37:14+00:00","og_image":[{"url":"http:\/\/www.anticoliver.net\/wp-content\/uploads\/2017\/07\/oliver-blanc-logo-300x56.png","type":"","width":"","height":""}],"twitter_card":"summary_large_image","schema":{"@context":"https:\/\/schema.org","@graph":[{"@type":"WebPage","@id":"https:\/\/www.anticoliver.net\/novetats\/","url":"https:\/\/www.anticoliver.net\/novetats\/","name":"Antic Oliver - Muebles y objetos \u00fanicos en venta en la tienda","isPartOf":{"@id":"https:\/\/www.anticoliver.net\/#website"},"primaryImageOfPage":{"@id":"https:\/\/www.anticoliver.net\/novetats\/#primaryimage"},"image":{"@id":"https:\/\/www.anticoliver.net\/novetats\/#primaryimage"},"thumbnailUrl":"http:\/\/www.anticoliver.net\/wp-content\/uploads\/2017\/07\/oliver-blanc-logo-300x56.png","datePublished":"2017-09-12T08:36:04+00:00","dateModified":"2017-09-15T07:37:14+00:00","description":"En nuestra exposici\u00f3n puedes encontrar todo tipo de muebles y objetos, antiguos, vintage o industriales para la decoraci\u00f3n de todos los espacios de tu casa.","breadcrumb":{"@id":"https:\/\/www.anticoliver.net\/novetats\/#breadcrumb"},"inLanguage":"es","potentialAction":[{"@type":"ReadAction","target":["https:\/\/www.anticoliver.net\/novetats\/"]}]},{"@type":"ImageObject","inLanguage":"es","@id":"https:\/\/www.anticoliver.net\/novetats\/#primaryimage","url":"http:\/\/www.anticoliver.net\/wp-content\/uploads\/2017\/07\/oliver-blanc-logo-300x56.png","contentUrl":"http:\/\/www.anticoliver.net\/wp-content\/uploads\/2017\/07\/oliver-blanc-logo-300x56.png"},{"@type":"BreadcrumbList","@id":"https:\/\/www.anticoliver.net\/novetats\/#breadcrumb","itemListElement":[{"@type":"ListItem","position":1,"name":"Inici","item":"https:\/\/www.anticoliver.net\/es\/"},{"@type":"ListItem","position":2,"name":"Novedades"}]},{"@type":"WebSite","@id":"https:\/\/www.anticoliver.net\/#website","url":"https:\/\/www.anticoliver.net\/","name":"Antic Oliver","description":"Antic Oliver","publisher":{"@id":"https:\/\/www.anticoliver.net\/#organization"},"potentialAction":[{"@type":"SearchAction","target":{"@type":"EntryPoint","urlTemplate":"https:\/\/www.anticoliver.net\/?s={search_term_string}"},"query-input":{"@type":"PropertyValueSpecification","valueRequired":true,"valueName":"search_term_string"}}],"inLanguage":"es"},{"@type":"Organization","@id":"https:\/\/www.anticoliver.net\/#organization","name":"Antic Oliver","url":"https:\/\/www.anticoliver.net\/","logo":{"@type":"ImageObject","inLanguage":"es","@id":"https:\/\/www.anticoliver.net\/#\/schema\/logo\/image\/","url":"http:\/\/www.anticoliver.net\/wp-content\/uploads\/2017\/09\/perfil-face.jpg","contentUrl":"http:\/\/www.anticoliver.net\/wp-content\/uploads\/2017\/09\/perfil-face.jpg","width":400,"height":400,"caption":"Antic Oliver"},"image":{"@id":"https:\/\/www.anticoliver.net\/#\/schema\/logo\/image\/"},"sameAs":["https:\/\/www.facebook.com\/botigatalleranticoliver\/"]}]}},"_links":{"self":[{"href":"https:\/\/www.anticoliver.net\/es\/wp-json\/wp\/v2\/pages\/446","targetHints":{"allow":["GET"]}}],"collection":[{"href":"https:\/\/www.anticoliver.net\/es\/wp-json\/wp\/v2\/pages"}],"about":[{"href":"https:\/\/www.anticoliver.net\/es\/wp-json\/wp\/v2\/types\/page"}],"author":[{"embeddable":true,"href":"https:\/\/www.anticoliver.net\/es\/wp-json\/wp\/v2\/users\/1"}],"replies":[{"embeddable":true,"href":"https:\/\/www.anticoliver.net\/es\/wp-json\/wp\/v2\/comments?post=446"}],"version-history":[{"count":3,"href":"https:\/\/www.anticoliver.net\/es\/wp-json\/wp\/v2\/pages\/446\/revisions"}],"predecessor-version":[{"id":514,"href":"https:\/\/www.anticoliver.net\/es\/wp-json\/wp\/v2\/pages\/446\/revisions\/514"}],"wp:attachment":[{"href":"https:\/\/www.anticoliver.net\/es\/wp-json\/wp\/v2\/media?parent=446"}],"curies":[{"name":"wp","href":"https:\/\/api.w.org\/{rel}","templated":true}]}}